{"id":3540,"date":"2022-02-02T06:40:27","date_gmt":"2022-02-02T06:40:27","guid":{"rendered":"https:\/\/kindred.com.co\/?page_id=3540"},"modified":"2022-02-09T03:17:53","modified_gmt":"2022-02-09T03:17:53","slug":"story","status":"publish","type":"page","link":"https:\/\/kindredglobal.org\/es\/story\/","title":{"rendered":"Historia"},"content":{"rendered":"<div id=\"fws_69f2a8a875fb7\"  data-column-margin=\"default\" data-midnight=\"dark\"  class=\"wpb_row vc_row-fluid vc_row full-width-content  vc_row-o-equal-height vc_row-flex  vc_row-o-content-middle standard_section\"  style=\"padding-top: 0px; padding-bottom: 0px; \"><div class=\"row-bg-wrap\" data-bg-animation=\"none\" data-bg-overlay=\"false\"><div class=\"inner-wrap\"><div class=\"row-bg using-bg-color\"  style=\"background-color: #ffffff; \"><\/div><\/div><div class=\"row-bg-overlay\" ><\/div><\/div><div class=\"row_col_wrap_12 col span_12 dark left\">\n\t<div style=\"\" class=\"vc_col-sm-6 wpb_column column_container vc_column_container col padding-8-percent inherit_tablet inherit_phone\" data-using-bg=\"true\" data-t-w-inherits=\"default\" data-bg-cover=\"\" data-padding-pos=\"all\" data-has-bg-color=\"true\" data-bg-color=\"#00b2ba\" data-bg-opacity=\"1\" data-hover-bg=\"\" data-hover-bg-opacity=\"1\" data-animation=\"\" data-delay=\"0\" >\n\t\t<div class=\"vc_column-inner\" ><div class=\"column-bg-overlay-wrap\" data-bg-animation=\"none\"><div class=\"column-bg-overlay\" style=\"opacity: 1; background-color: #00b2ba;\"><\/div><\/div>\n\t\t\t<div class=\"wpb_wrapper\">\n\t\t\t\t<div id=\"fws_69f2a8a87635e\" data-midnight=\"\" data-column-margin=\"default\" class=\"wpb_row vc_row-fluid vc_row inner_row standard_section\"  style=\"padding-top: 0px; padding-bottom: 0px; \"><div class=\"row-bg-wrap\"> <div class=\"row-bg\" ><\/div> <\/div><div class=\"row_col_wrap_12_inner col span_12  left\">\n\t<div  class=\"vc_col-sm-12 wpb_column column_container vc_column_container col child_column has-animation no-extra-padding inherit_tablet inherit_phone\"   data-t-w-inherits=\"default\" data-bg-cover=\"\" data-padding-pos=\"all\" data-has-bg-color=\"false\" data-bg-color=\"\" data-bg-opacity=\"1\" data-hover-bg=\"\" data-hover-bg-opacity=\"1\" data-animation=\"fade-in-from-bottom\" data-delay=\"0\">\n\t\t<div class=\"vc_column-inner\" ><div class=\"column-bg-overlay-wrap\" data-bg-animation=\"none\"><div class=\"column-bg-overlay\"><\/div><\/div>\n\t\t<div class=\"wpb_wrapper\">\n\t\t\t<h2 style=\"font-size: 40px;color: #ffffff;line-height: 50px;text-align: left\" class=\"vc_custom_heading\" >La Kindred historia<\/h2><p style=\"color: #ffffff;text-align: left\" class=\"vc_custom_heading\" >La idea de Kindred surgi\u00f3 de nuestra experiencia de m\u00e1s de trece a\u00f1os de desarrollo y trabajo en proyectos a trav\u00e9s de Community Works, una empresa consultora de desarrollo australiana. Durante este per\u00edodo hemos trabajado en asociaci\u00f3n con m\u00faltiples organizaciones en diecinueve pa\u00edses. Incluyen tareas de consultor\u00eda y proyectos con quince organizaciones comunitarias de salud mental, varios a\u00f1os de ense\u00f1anza de pr\u00e1cticas de desarrollo, mediaci\u00f3n y consolidaci\u00f3n de la paz, investigaci\u00f3n y gesti\u00f3n de proyectos en programas de desarrollo de la primera infancia y apoyo al trabajo de derechos humanos en varios pa\u00edses. Tenemos el privilegio de haber trabajado extensamente con personas y organizaciones abor\u00edgenes en Australia.<\/p>\n\t\t<\/div> \n\t<\/div>\n\t<\/div> \n<\/div><\/div>\n\t\t\t<\/div> \n\t\t<\/div>\n\t<\/div> \n\n\t<div style=\"\" class=\"vc_col-sm-6 wpb_column column_container vc_column_container col no-extra-padding inherit_tablet inherit_phone\" data-using-bg=\"true\" data-t-w-inherits=\"default\" data-bg-cover=\"true\" data-padding-pos=\"all\" data-has-bg-color=\"false\" data-bg-color=\"\" data-bg-opacity=\"1\" data-hover-bg=\"\" data-hover-bg-opacity=\"1\" data-animation=\"\" data-delay=\"0\" >\n\t\t<div class=\"vc_column-inner\" ><div class=\"column-image-bg-wrap\" data-bg-pos=\"center center\" data-bg-animation=\"none\" data-bg-overlay=\"false\"><div class=\"inner-wrap\"><div class=\"column-image-bg\" style=\" background-image: url('https:\/\/kindredglobal.org\/wp-content\/uploads\/2022\/02\/Welcome-to-Country.jpg'); \"><\/div><\/div><\/div><div class=\"column-bg-overlay-wrap\" data-bg-animation=\"none\"><div class=\"column-bg-overlay\"><\/div><\/div>\n\t\t\t<div class=\"wpb_wrapper\">\n\t\t\t\t\n\t\t\t<\/div> \n\t\t<\/div>\n\t<\/div> \n<\/div><\/div>\n\t\t<div id=\"fws_69f2a8a876cf7\"  data-column-margin=\"default\" data-midnight=\"light\" data-top-percent=\"5%\" data-bottom-percent=\"5%\"  class=\"wpb_row vc_row-fluid vc_row full-width-content standard_section  right_padding_5pct left_padding_5pct\"  style=\"padding-top: calc(100vw * 0.05); padding-bottom: calc(100vw * 0.05); \"><div class=\"row-bg-wrap\" data-bg-animation=\"none\" data-bg-overlay=\"false\"><div class=\"inner-wrap\"><div class=\"row-bg using-bg-color\"  style=\"background-color: #e4a946; \"><\/div><\/div><div class=\"row-bg-overlay\" ><\/div><\/div><div class=\"row_col_wrap_12 col span_12 light left\">\n\t<div  class=\"vc_col-sm-12 wpb_column column_container vc_column_container col no-extra-padding inherit_tablet inherit_phone\"  data-t-w-inherits=\"default\" data-bg-cover=\"\" data-padding-pos=\"all\" data-has-bg-color=\"false\" data-bg-color=\"\" data-bg-opacity=\"1\" data-hover-bg=\"\" data-hover-bg-opacity=\"1\" data-animation=\"\" data-delay=\"0\" >\n\t\t<div class=\"vc_column-inner\" ><div class=\"column-bg-overlay-wrap\" data-bg-animation=\"none\"><div class=\"column-bg-overlay\"><\/div><\/div>\n\t\t\t<div class=\"wpb_wrapper\">\n\t\t\t\t<div id=\"fws_69f2a8a876f91\" data-midnight=\"\" data-column-margin=\"default\" class=\"wpb_row vc_row-fluid vc_row inner_row  vc_row-o-content-top standard_section\"  style=\"padding-top: 0px; padding-bottom: 0px; \"><div class=\"row-bg-wrap\"> <div class=\"row-bg\" ><\/div> <\/div><div class=\"row_col_wrap_12_inner col span_12  left\">\n\t<div  class=\"vc_col-sm-12 wpb_column column_container vc_column_container col child_column has-animation padding-3-percent inherit_tablet inherit_phone\"   data-t-w-inherits=\"default\" data-bg-cover=\"\" data-padding-pos=\"left\" data-has-bg-color=\"false\" data-bg-color=\"\" data-bg-opacity=\"1\" data-hover-bg=\"\" data-hover-bg-opacity=\"1\" data-animation=\"fade-in-from-bottom\" data-delay=\"0\">\n\t\t<div class=\"vc_column-inner\" ><div class=\"column-bg-overlay-wrap\" data-bg-animation=\"none\"><div class=\"column-bg-overlay\"><\/div><\/div>\n\t\t<div class=\"wpb_wrapper\">\n\t\t\t<h4 style=\"text-align: left\" class=\"vc_custom_heading\" >Como resultado, hemos obtenido muchas ideas y lecciones importantes, incluidas las siguientes:<\/h4>\n\t\t<\/div> \n\t<\/div>\n\t<\/div> \n<\/div><\/div><div id=\"fws_69f2a8a877263\" data-midnight=\"\" data-column-margin=\"default\" class=\"wpb_row vc_row-fluid vc_row inner_row standard_section\"  style=\"padding-top: 0px; padding-bottom: 0px; \"><div class=\"row-bg-wrap\"> <div class=\"row-bg\" ><\/div> <\/div><div class=\"row_col_wrap_12_inner col span_12  left\">\n\t<div  class=\"vc_col-sm-4 wpb_column column_container vc_column_container col child_column has-animation padding-3-percent inherit_tablet inherit_phone\"   data-t-w-inherits=\"default\" data-bg-cover=\"\" data-padding-pos=\"left-right\" data-has-bg-color=\"false\" data-bg-color=\"\" data-bg-opacity=\"1\" data-hover-bg=\"\" data-hover-bg-opacity=\"1\" data-animation=\"fade-in-from-bottom\" data-delay=\"0\">\n\t\t<div class=\"vc_column-inner\" ><div class=\"column-bg-overlay-wrap\" data-bg-animation=\"none\"><div class=\"column-bg-overlay\"><\/div><\/div>\n\t\t<div class=\"wpb_wrapper\">\n\t\t\t\r\n<div class=\"wpb_text_column wpb_content_element  wpb_animate_when_almost_visible wpb_fadeInUp fadeInUp vc_custom_1643864851323\" >\r\n\t<div class=\"wpb_wrapper\">\r\n\t\t<p style=\"text-align: left;\">Nuestro trabajo m\u00e1s singular e impactante es cuando podemos <strong>crear conexiones<\/strong> entre personas y organizaciones que no necesariamente trabajan juntas. La facilitaci\u00f3n de grupos o el trabajo intercultural son ejemplos, junto con gran parte de los programas de desarrollo de la primera infancia y salud mental comunitaria en los que hemos estado involucrados.<\/p>\n\t<\/div>\r\n<\/div>\r\n\r\n\r\n\r\n\n\t\t<\/div> \n\t<\/div>\n\t<\/div> \n\n\t<div  class=\"vc_col-sm-4 wpb_column column_container vc_column_container col child_column has-animation padding-3-percent inherit_tablet inherit_phone\"   data-t-w-inherits=\"default\" data-bg-cover=\"\" data-padding-pos=\"left-right\" data-has-bg-color=\"false\" data-bg-color=\"\" data-bg-opacity=\"1\" data-hover-bg=\"\" data-hover-bg-opacity=\"1\" data-animation=\"fade-in-from-bottom\" data-delay=\"0\">\n\t\t<div class=\"vc_column-inner\" ><div class=\"column-bg-overlay-wrap\" data-bg-animation=\"none\"><div class=\"column-bg-overlay\"><\/div><\/div>\n\t\t<div class=\"wpb_wrapper\">\n\t\t\t\r\n<div class=\"wpb_text_column wpb_content_element  wpb_animate_when_almost_visible wpb_fadeInUp fadeInUp vc_custom_1643864845689\" >\r\n\t<div class=\"wpb_wrapper\">\r\n\t\t<p style=\"text-align: left;\">Ser <strong>responde a las necesidades locales<\/strong> de una manera r\u00e1pida y \u00e1gil es fundamental para construir las relaciones necesarias para que ocurra un cambio positivo. La gente a menudo siente que las organizaciones, ya sean gubernamentales o no gubernamentales, pueden obstaculizar el progreso y ser parte del problema. Siempre se valoran nuevas formas de superar los obst\u00e1culos sist\u00e9micos<\/p>\n\t<\/div>\r\n<\/div>\r\n\r\n\r\n\r\n\n\t\t<\/div> \n\t<\/div>\n\t<\/div> \n\n\t<div  class=\"vc_col-sm-4 wpb_column column_container vc_column_container col child_column padding-3-percent inherit_tablet inherit_phone\"   data-t-w-inherits=\"default\" data-bg-cover=\"\" data-padding-pos=\"left-right\" data-has-bg-color=\"false\" data-bg-color=\"\" data-bg-opacity=\"1\" data-hover-bg=\"\" data-hover-bg-opacity=\"1\" data-animation=\"\" data-delay=\"0\">\n\t\t<div class=\"vc_column-inner\" ><div class=\"column-bg-overlay-wrap\" data-bg-animation=\"none\"><div class=\"column-bg-overlay\"><\/div><\/div>\n\t\t<div class=\"wpb_wrapper\">\n\t\t\t\r\n<div class=\"wpb_text_column wpb_content_element  wpb_animate_when_almost_visible wpb_fadeInUp fadeInUp vc_custom_1643864900307\" >\r\n\t<div class=\"wpb_wrapper\">\r\n\t\t<p style=\"text-align: left;\">Hemos visto que se logran mejores resultados para las personas vulnerables o desfavorecidas cuando hay <strong>facilitaci\u00f3n o articulaci\u00f3n del trabajo entre disciplinas y culturas<\/strong><\/p>\n\t<\/div>\r\n<\/div>\r\n\r\n\r\n\r\n\n\t\t<\/div> \n\t<\/div>\n\t<\/div> \n<\/div><\/div><div id=\"fws_69f2a8a8779f2\" data-midnight=\"\" data-column-margin=\"default\" class=\"wpb_row vc_row-fluid vc_row inner_row standard_section\"  style=\"padding-top: 0px; padding-bottom: 5%; \"><div class=\"row-bg-wrap\"> <div class=\"row-bg\" ><\/div> <\/div><div class=\"row_col_wrap_12_inner col span_12  left\">\n\t<div  class=\"vc_col-sm-4 wpb_column column_container vc_column_container col child_column has-animation padding-3-percent inherit_tablet inherit_phone\"   data-t-w-inherits=\"default\" data-bg-cover=\"\" data-padding-pos=\"left-right\" data-has-bg-color=\"false\" data-bg-color=\"\" data-bg-opacity=\"1\" data-hover-bg=\"\" data-hover-bg-opacity=\"1\" data-animation=\"fade-in-from-bottom\" data-delay=\"0\">\n\t\t<div class=\"vc_column-inner\" ><div class=\"column-bg-overlay-wrap\" data-bg-animation=\"none\"><div class=\"column-bg-overlay\"><\/div><\/div>\n\t\t<div class=\"wpb_wrapper\">\n\t\t\t\r\n<div class=\"wpb_text_column wpb_content_element  wpb_animate_when_almost_visible wpb_fadeInUp fadeInUp vc_custom_1643864896302\" >\r\n\t<div class=\"wpb_wrapper\">\r\n\t\t<p style=\"text-align: left;\">Si bien reconocemos que las comunidades ya est\u00e1n utilizando de manera efectiva muchos canales de comunicaci\u00f3n, tambi\u00e9n hemos visto cu\u00e1n buenos <strong>dise\u00f1o visual<\/strong> puede desempe\u00f1ar muchos roles, incluso para unificar esfuerzos, mejorar la comprensi\u00f3n, amplificar las voces de la comunidad o apoyar la defensa en nombre de grupos cuyo conocimiento no suele influir en las pol\u00edticas y pr\u00e1cticas<\/p>\n\t<\/div>\r\n<\/div>\r\n\r\n\r\n\r\n\n\t\t<\/div> \n\t<\/div>\n\t<\/div> \n\n\t<div  class=\"vc_col-sm-4 wpb_column column_container vc_column_container col child_column has-animation padding-3-percent inherit_tablet inherit_phone\"   data-t-w-inherits=\"default\" data-bg-cover=\"\" data-padding-pos=\"left-right\" data-has-bg-color=\"false\" data-bg-color=\"\" data-bg-opacity=\"1\" data-hover-bg=\"\" data-hover-bg-opacity=\"1\" data-animation=\"fade-in-from-bottom\" data-delay=\"0\">\n\t\t<div class=\"vc_column-inner\" ><div class=\"column-bg-overlay-wrap\" data-bg-animation=\"none\"><div class=\"column-bg-overlay\"><\/div><\/div>\n\t\t<div class=\"wpb_wrapper\">\n\t\t\t\r\n<div class=\"wpb_text_column wpb_content_element  wpb_animate_when_almost_visible wpb_fadeInUp fadeInUp vc_custom_1643865302994\" >\r\n\t<div class=\"wpb_wrapper\">\r\n\t\t<p style=\"text-align: left;\">Actuando como o <strong>identificar un conducto entre la academia, la investigaci\u00f3n y la literatura revisada por pares y las comunidades y organizaciones <\/strong>donde se necesita es la brecha regular que nuestro trabajo de proyecto ha abordado. Brindar orientaci\u00f3n basada en evidencia y mejores pr\u00e1cticas para el dise\u00f1o de proyectos y programas es una contribuci\u00f3n valiosa, especialmente a trav\u00e9s de publicaciones acad\u00e9micas y de investigaci\u00f3n.<\/p>\n\t<\/div>\r\n<\/div>\r\n\r\n\r\n\r\n\n\t\t<\/div> \n\t<\/div>\n\t<\/div> \n\n\t<div  class=\"vc_col-sm-4 wpb_column column_container vc_column_container col child_column has-animation padding-3-percent inherit_tablet inherit_phone\"   data-t-w-inherits=\"default\" data-bg-cover=\"\" data-padding-pos=\"left-right\" data-has-bg-color=\"false\" data-bg-color=\"\" data-bg-opacity=\"1\" data-hover-bg=\"\" data-hover-bg-opacity=\"1\" data-animation=\"fade-in-from-bottom\" data-delay=\"0\">\n\t\t<div class=\"vc_column-inner\" ><div class=\"column-bg-overlay-wrap\" data-bg-animation=\"none\"><div class=\"column-bg-overlay\"><\/div><\/div>\n\t\t<div class=\"wpb_wrapper\">\n\t\t\t\n\t\t<\/div> \n\t<\/div>\n\t<\/div> \n<\/div><\/div><div id=\"fws_69f2a8a877f49\" data-midnight=\"\" data-column-margin=\"default\" class=\"wpb_row vc_row-fluid vc_row inner_row  vc_row-o-content-top standard_section\"  style=\"padding-top: 0px; padding-bottom: 0px; \"><div class=\"row-bg-wrap\"> <div class=\"row-bg\" ><\/div> <\/div><div class=\"row_col_wrap_12_inner col span_12  left\">\n\t<div  class=\"vc_col-sm-12 wpb_column column_container vc_column_container col child_column has-animation padding-3-percent inherit_tablet inherit_phone\"   data-t-w-inherits=\"default\" data-bg-cover=\"\" data-padding-pos=\"left\" data-has-bg-color=\"false\" data-bg-color=\"\" data-bg-opacity=\"1\" data-hover-bg=\"\" data-hover-bg-opacity=\"1\" data-animation=\"fade-in-from-bottom\" data-delay=\"0\">\n\t\t<div class=\"vc_column-inner\" ><div class=\"column-bg-overlay-wrap\" data-bg-animation=\"none\"><div class=\"column-bg-overlay\"><\/div><\/div>\n\t\t<div class=\"wpb_wrapper\">\n\t\t\t<p style=\"text-align: left\" class=\"vc_custom_heading\" >Una fortaleza del concepto Kindred es que ha surgido de una s\u00f3lida experiencia compartida, escuchando y observando procesos que conducen a impactos positivos para las comunidades desfavorecidas. Esta experiencia ha proporcionado informaci\u00f3n sobre el cambio incremental y transformacional. Nuestra colaboraci\u00f3n con Spring Impact durante varios a\u00f1os de apoyo a la ampliaci\u00f3n de programas exitosos ha demostrado c\u00f3mo la distancia entre \"nada\" y \"algo\" es mucho mayor que \"algo\" y \"algo m\u00e1s\".<\/p>\n\t\t<\/div> \n\t<\/div>\n\t<\/div> \n<\/div><\/div>\n\t\t\t<\/div> \n\t\t<\/div>\n\t<\/div> \n<\/div><\/div>","protected":false},"excerpt":{"rendered":"The Kindred storyThe idea of Kindred emerged from our experience of over thirteen years of developing and working on projects through Community Works, an Australian development consulting company. During this...","protected":false},"author":1,"featured_media":3546,"parent":0,"menu_order":0,"comment_status":"closed","ping_status":"closed","template":"","meta":{"footnotes":""},"class_list":["post-3540","page","type-page","status-publish","has-post-thumbnail"],"yoast_head":"<!-- This site is optimized with the Yoast SEO plugin v27.4 - https:\/\/yoast.com\/product\/yoast-seo-wordpress\/ -->\n<title>Story - Kindred Global<\/title>\n<meta name=\"description\" content=\"The idea of Kindred emerged from our experience of over thirteen years of developing and working on projects through Community Works, an Australian development consulting company.\" \/>\n<meta name=\"robots\" content=\"index, follow, max-snippet:-1, max-image-preview:large, max-video-preview:-1\" \/>\n<link rel=\"canonical\" href=\"https:\/\/kindredglobal.org\/es\/story\/\" \/>\n<meta property=\"og:locale\" content=\"es_ES\" \/>\n<meta property=\"og:type\" content=\"article\" \/>\n<meta property=\"og:title\" content=\"Story - Kindred Global\" \/>\n<meta property=\"og:description\" content=\"The idea of Kindred emerged from our experience of over thirteen years of developing and working on projects through Community Works, an Australian development consulting company.\" \/>\n<meta property=\"og:url\" content=\"https:\/\/kindredglobal.org\/es\/story\/\" \/>\n<meta property=\"og:site_name\" content=\"Kindred Global\" \/>\n<meta property=\"article:modified_time\" content=\"2022-02-09T03:17:53+00:00\" \/>\n<meta property=\"og:image\" content=\"https:\/\/kindredglobal.org\/wp-content\/uploads\/2022\/02\/Welcome-to-Country.jpg\" \/>\n\t<meta property=\"og:image:width\" content=\"800\" \/>\n\t<meta property=\"og:image:height\" content=\"568\" \/>\n\t<meta property=\"og:image:type\" content=\"image\/jpeg\" \/>\n<meta name=\"twitter:card\" content=\"summary_large_image\" \/>\n<meta name=\"twitter:label1\" content=\"Tiempo de lectura\" \/>\n\t<meta name=\"twitter:data1\" content=\"4 minutos\" \/>\n<script type=\"application\/ld+json\" class=\"yoast-schema-graph\">{\"@context\":\"https:\\\/\\\/schema.org\",\"@graph\":[{\"@type\":\"WebPage\",\"@id\":\"https:\\\/\\\/kindredglobal.org\\\/story\\\/\",\"url\":\"https:\\\/\\\/kindredglobal.org\\\/story\\\/\",\"name\":\"Story - Kindred Global\",\"isPartOf\":{\"@id\":\"https:\\\/\\\/kindredglobal.org\\\/#website\"},\"primaryImageOfPage\":{\"@id\":\"https:\\\/\\\/kindredglobal.org\\\/story\\\/#primaryimage\"},\"image\":{\"@id\":\"https:\\\/\\\/kindredglobal.org\\\/story\\\/#primaryimage\"},\"thumbnailUrl\":\"https:\\\/\\\/kindredglobal.org\\\/wp-content\\\/uploads\\\/2022\\\/02\\\/Welcome-to-Country.jpg\",\"datePublished\":\"2022-02-02T06:40:27+00:00\",\"dateModified\":\"2022-02-09T03:17:53+00:00\",\"description\":\"The idea of Kindred emerged from our experience of over thirteen years of developing and working on projects through Community Works, an Australian development consulting company.\",\"breadcrumb\":{\"@id\":\"https:\\\/\\\/kindredglobal.org\\\/story\\\/#breadcrumb\"},\"inLanguage\":\"es-CO\",\"potentialAction\":[{\"@type\":\"ReadAction\",\"target\":[\"https:\\\/\\\/kindredglobal.org\\\/story\\\/\"]}]},{\"@type\":\"ImageObject\",\"inLanguage\":\"es-CO\",\"@id\":\"https:\\\/\\\/kindredglobal.org\\\/story\\\/#primaryimage\",\"url\":\"https:\\\/\\\/kindredglobal.org\\\/wp-content\\\/uploads\\\/2022\\\/02\\\/Welcome-to-Country.jpg\",\"contentUrl\":\"https:\\\/\\\/kindredglobal.org\\\/wp-content\\\/uploads\\\/2022\\\/02\\\/Welcome-to-Country.jpg\",\"width\":800,\"height\":568,\"caption\":\"People at a Welcome to Country smoking ceremony in Ltyentye Apurte\"},{\"@type\":\"BreadcrumbList\",\"@id\":\"https:\\\/\\\/kindredglobal.org\\\/story\\\/#breadcrumb\",\"itemListElement\":[{\"@type\":\"ListItem\",\"position\":1,\"name\":\"Home\",\"item\":\"https:\\\/\\\/kindredglobal.org\\\/\"},{\"@type\":\"ListItem\",\"position\":2,\"name\":\"Story\"}]},{\"@type\":\"WebSite\",\"@id\":\"https:\\\/\\\/kindredglobal.org\\\/#website\",\"url\":\"https:\\\/\\\/kindredglobal.org\\\/\",\"name\":\"Kindred Global\",\"description\":\"Working together for wellbeing\",\"potentialAction\":[{\"@type\":\"SearchAction\",\"target\":{\"@type\":\"EntryPoint\",\"urlTemplate\":\"https:\\\/\\\/kindredglobal.org\\\/?s={search_term_string}\"},\"query-input\":{\"@type\":\"PropertyValueSpecification\",\"valueRequired\":true,\"valueName\":\"search_term_string\"}}],\"inLanguage\":\"es-CO\"}]}<\/script>\n<!-- \/ Yoast SEO plugin. -->","yoast_head_json":{"title":"Story - Kindred Global","description":"The idea of Kindred emerged from our experience of over thirteen years of developing and working on projects through Community Works, an Australian development consulting company.","robots":{"index":"index","follow":"follow","max-snippet":"max-snippet:-1","max-image-preview":"max-image-preview:large","max-video-preview":"max-video-preview:-1"},"canonical":"https:\/\/kindredglobal.org\/es\/story\/","og_locale":"es_ES","og_type":"article","og_title":"Story - Kindred Global","og_description":"The idea of Kindred emerged from our experience of over thirteen years of developing and working on projects through Community Works, an Australian development consulting company.","og_url":"https:\/\/kindredglobal.org\/es\/story\/","og_site_name":"Kindred Global","article_modified_time":"2022-02-09T03:17:53+00:00","og_image":[{"width":800,"height":568,"url":"https:\/\/kindredglobal.org\/wp-content\/uploads\/2022\/02\/Welcome-to-Country.jpg","type":"image\/jpeg"}],"twitter_card":"summary_large_image","twitter_misc":{"Tiempo de lectura":"4 minutos"},"schema":{"@context":"https:\/\/schema.org","@graph":[{"@type":"WebPage","@id":"https:\/\/kindredglobal.org\/story\/","url":"https:\/\/kindredglobal.org\/story\/","name":"Story - Kindred Global","isPartOf":{"@id":"https:\/\/kindredglobal.org\/#website"},"primaryImageOfPage":{"@id":"https:\/\/kindredglobal.org\/story\/#primaryimage"},"image":{"@id":"https:\/\/kindredglobal.org\/story\/#primaryimage"},"thumbnailUrl":"https:\/\/kindredglobal.org\/wp-content\/uploads\/2022\/02\/Welcome-to-Country.jpg","datePublished":"2022-02-02T06:40:27+00:00","dateModified":"2022-02-09T03:17:53+00:00","description":"The idea of Kindred emerged from our experience of over thirteen years of developing and working on projects through Community Works, an Australian development consulting company.","breadcrumb":{"@id":"https:\/\/kindredglobal.org\/story\/#breadcrumb"},"inLanguage":"es-CO","potentialAction":[{"@type":"ReadAction","target":["https:\/\/kindredglobal.org\/story\/"]}]},{"@type":"ImageObject","inLanguage":"es-CO","@id":"https:\/\/kindredglobal.org\/story\/#primaryimage","url":"https:\/\/kindredglobal.org\/wp-content\/uploads\/2022\/02\/Welcome-to-Country.jpg","contentUrl":"https:\/\/kindredglobal.org\/wp-content\/uploads\/2022\/02\/Welcome-to-Country.jpg","width":800,"height":568,"caption":"People at a Welcome to Country smoking ceremony in Ltyentye Apurte"},{"@type":"BreadcrumbList","@id":"https:\/\/kindredglobal.org\/story\/#breadcrumb","itemListElement":[{"@type":"ListItem","position":1,"name":"Home","item":"https:\/\/kindredglobal.org\/"},{"@type":"ListItem","position":2,"name":"Story"}]},{"@type":"WebSite","@id":"https:\/\/kindredglobal.org\/#website","url":"https:\/\/kindredglobal.org\/","name":"Kindred Global","description":"Working together for wellbeing","potentialAction":[{"@type":"SearchAction","target":{"@type":"EntryPoint","urlTemplate":"https:\/\/kindredglobal.org\/?s={search_term_string}"},"query-input":{"@type":"PropertyValueSpecification","valueRequired":true,"valueName":"search_term_string"}}],"inLanguage":"es-CO"}]}},"_links":{"self":[{"href":"https:\/\/kindredglobal.org\/es\/wp-json\/wp\/v2\/pages\/3540","targetHints":{"allow":["GET"]}}],"collection":[{"href":"https:\/\/kindredglobal.org\/es\/wp-json\/wp\/v2\/pages"}],"about":[{"href":"https:\/\/kindredglobal.org\/es\/wp-json\/wp\/v2\/types\/page"}],"author":[{"embeddable":true,"href":"https:\/\/kindredglobal.org\/es\/wp-json\/wp\/v2\/users\/1"}],"replies":[{"embeddable":true,"href":"https:\/\/kindredglobal.org\/es\/wp-json\/wp\/v2\/comments?post=3540"}],"version-history":[{"count":40,"href":"https:\/\/kindredglobal.org\/es\/wp-json\/wp\/v2\/pages\/3540\/revisions"}],"predecessor-version":[{"id":3586,"href":"https:\/\/kindredglobal.org\/es\/wp-json\/wp\/v2\/pages\/3540\/revisions\/3586"}],"wp:featuredmedia":[{"embeddable":true,"href":"https:\/\/kindredglobal.org\/es\/wp-json\/wp\/v2\/media\/3546"}],"wp:attachment":[{"href":"https:\/\/kindredglobal.org\/es\/wp-json\/wp\/v2\/media?parent=3540"}],"curies":[{"name":"wp","href":"https:\/\/api.w.org\/{rel}","templated":true}]}}