{"id":3657,"date":"2022-02-10T01:18:30","date_gmt":"2022-02-10T01:18:30","guid":{"rendered":"https:\/\/kindred.com.co\/?page_id=3657"},"modified":"2022-05-02T22:33:05","modified_gmt":"2022-05-02T22:33:05","slug":"opiac","status":"publish","type":"page","link":"https:\/\/kindredglobal.org\/es\/opiac\/","title":{"rendered":"OPIAC"},"content":{"rendered":"<div id=\"fws_69f3531a46913\"  data-column-margin=\"default\" data-midnight=\"dark\"  class=\"wpb_row vc_row-fluid vc_row full-width-content  vc_row-o-equal-height vc_row-flex  vc_row-o-content-middle standard_section\"  style=\"padding-top: 0px; padding-bottom: 0px; \"><div class=\"row-bg-wrap\" data-bg-animation=\"none\" data-bg-overlay=\"false\"><div class=\"inner-wrap\"><div class=\"row-bg using-bg-color\"  style=\"background-color: #ffffff; \"><\/div><\/div><div class=\"row-bg-overlay\" ><\/div><\/div><div class=\"row_col_wrap_12 col span_12 dark left\">\n\t<div style=\"\" class=\"vc_col-sm-6 wpb_column column_container vc_column_container col padding-10-percent inherit_tablet inherit_phone\" data-using-bg=\"true\" data-t-w-inherits=\"default\" data-bg-cover=\"\" data-padding-pos=\"all\" data-has-bg-color=\"true\" data-bg-color=\"#f4f4f4\" data-bg-opacity=\"1\" data-hover-bg=\"\" data-hover-bg-opacity=\"1\" data-animation=\"\" data-delay=\"0\" >\n\t\t<div class=\"vc_column-inner\" ><div class=\"column-bg-overlay-wrap\" data-bg-animation=\"none\"><div class=\"column-bg-overlay\" style=\"opacity: 1; background-color: #f4f4f4;\"><\/div><\/div>\n\t\t\t<div class=\"wpb_wrapper\">\n\t\t\t\t<div id=\"fws_69f3531a46e3b\" data-midnight=\"\" data-column-margin=\"default\" class=\"wpb_row vc_row-fluid vc_row inner_row standard_section\"  style=\"padding-top: 0px; padding-bottom: 0px; \"><div class=\"row-bg-wrap\"> <div class=\"row-bg\" ><\/div> <\/div><div class=\"row_col_wrap_12_inner col span_12  left\">\n\t<div  class=\"vc_col-sm-12 wpb_column column_container vc_column_container col child_column has-animation no-extra-padding inherit_tablet inherit_phone\"   data-t-w-inherits=\"default\" data-bg-cover=\"\" data-padding-pos=\"all\" data-has-bg-color=\"false\" data-bg-color=\"\" data-bg-opacity=\"1\" data-hover-bg=\"\" data-hover-bg-opacity=\"1\" data-animation=\"fade-in-from-bottom\" data-delay=\"0\">\n\t\t<div class=\"vc_column-inner\" ><div class=\"column-bg-overlay-wrap\" data-bg-animation=\"none\"><div class=\"column-bg-overlay\"><\/div><\/div>\n\t\t<div class=\"wpb_wrapper\">\n\t\t\t<h2 style=\"font-size: 40px;line-height: 50px;text-align: left\" class=\"vc_custom_heading\" >Abrazando la tradicional y la occidental<\/h2><h5 style=\"color: #bfbfbf;line-height: 1.2em;text-align: left\" class=\"vc_custom_heading vc_custom_1651530782722\" >La b\u00fasqueda de los j\u00f3venes ind\u00edgenas para promover el bienestar mental<\/h5><div class=\"divider-wrap\" data-alignment=\"default\"><div style=\"height: 25px;\" class=\"divider\"><\/div><\/div><p style=\"color: rgba(10,10,10,0.6);text-align: left\" class=\"vc_custom_heading\" >Con el objetivo de apoyar a la juventud ind\u00edgena del Vaup\u00e9s, regi\u00f3n de la Amazon\u00eda colombiana, nos hemos sumado a este proceso intercultural. El proyecto, financiado por Grand Challenges Canada e implementado por OPIAC (Organizaci\u00f3n de los Pueblos Ind\u00edgenas de la Amazon\u00eda Colombiana), tambi\u00e9n convoca a varias organizaciones asociadas nacionales e internacionales.<\/p><p style=\"color: rgba(10,10,10,0.6);text-align: left\" class=\"vc_custom_heading\" >El proyecto ofrece capacitaci\u00f3n a 40 j\u00f3venes ind\u00edgenas \u2013 de 5 Organizaciones Ind\u00edgenas \u2013 como Promotores Comunitarios de Salud Mental. Este proceso combina pr\u00e1cticas y cosmovisiones tradicionales ind\u00edgenas con enfoques y contenidos de otras culturas. Los j\u00f3venes participantes dise\u00f1ar\u00e1n una iniciativa comunitaria para desarrollar con la orientaci\u00f3n de los mayores. Las iniciativas se basar\u00e1n en la investigaci\u00f3n de los j\u00f3venes y estar\u00e1n orientadas a apoyar el bienestar de otros j\u00f3venes en sus comunidades.<\/p><p style=\"color: rgba(10,10,10,0.6);text-align: left\" class=\"vc_custom_heading\" >Fecha Inicio: 31\/07\/2021 \u2013 Fecha Fin: 31\/01\/2023<\/p>\n\t\t<\/div> \n\t<\/div>\n\t<\/div> \n<\/div><\/div>\n\t\t\t<\/div> \n\t\t<\/div>\n\t<\/div> \n\n\t<div style=\"\" class=\"vc_col-sm-6 wpb_column column_container vc_column_container col no-extra-padding inherit_tablet inherit_phone\" data-using-bg=\"true\" data-t-w-inherits=\"default\" data-bg-cover=\"true\" data-padding-pos=\"all\" data-has-bg-color=\"false\" data-bg-color=\"\" data-bg-opacity=\"1\" data-hover-bg=\"\" data-hover-bg-opacity=\"1\" data-animation=\"\" data-delay=\"0\" >\n\t\t<div class=\"vc_column-inner\" ><div class=\"column-image-bg-wrap\" data-bg-pos=\"center center\" data-bg-animation=\"none\" data-bg-overlay=\"false\"><div class=\"inner-wrap\"><div class=\"column-image-bg\" style=\" background-image: url('https:\/\/kindredglobal.org\/wp-content\/uploads\/2022\/02\/273154211_417219590194058_3135135013462811095_n.jpeg'); \"><\/div><\/div><\/div><div class=\"column-bg-overlay-wrap\" data-bg-animation=\"none\"><div class=\"column-bg-overlay\"><\/div><\/div>\n\t\t\t<div class=\"wpb_wrapper\">\n\t\t\t\t\n\t\t\t<\/div> \n\t\t<\/div>\n\t<\/div> \n<\/div><\/div>\n\t\t<div id=\"fws_69f3531a47e1e\"  data-column-margin=\"default\" data-midnight=\"dark\"  class=\"wpb_row vc_row-fluid vc_row full-width-content  vc_row-o-equal-height vc_row-flex  vc_row-o-content-middle standard_section\"  style=\"padding-top: 0px; padding-bottom: 0px; \"><div class=\"row-bg-wrap\" data-bg-animation=\"none\" data-bg-overlay=\"false\"><div class=\"inner-wrap\"><div class=\"row-bg\"  style=\"\"><\/div><\/div><div class=\"row-bg-overlay\" ><\/div><\/div><div class=\"row_col_wrap_12 col span_12 dark left\">\n\t<div style=\"\" class=\"vc_col-sm-6 wpb_column column_container vc_column_container col no-extra-padding inherit_tablet inherit_phone\" data-using-bg=\"true\" data-t-w-inherits=\"default\" data-bg-cover=\"true\" data-padding-pos=\"all\" data-has-bg-color=\"false\" data-bg-color=\"\" data-bg-opacity=\"1\" data-hover-bg=\"\" data-hover-bg-opacity=\"1\" data-animation=\"\" data-delay=\"0\" >\n\t\t<div class=\"vc_column-inner\" ><div class=\"column-image-bg-wrap\" data-bg-pos=\"center center\" data-bg-animation=\"none\" data-bg-overlay=\"false\"><div class=\"inner-wrap\"><div class=\"column-image-bg\" style=\" background-image: url('https:\/\/kindredglobal.org\/wp-content\/uploads\/2022\/02\/273243502_314030380679293_4387146273353173344_n.jpeg'); \"><\/div><\/div><\/div><div class=\"column-bg-overlay-wrap\" data-bg-animation=\"none\"><div class=\"column-bg-overlay\"><\/div><\/div>\n\t\t\t<div class=\"wpb_wrapper\">\n\t\t\t\t\n\t\t\t<\/div> \n\t\t<\/div>\n\t<\/div> \n\n\t<div style=\"\" class=\"vc_col-sm-6 wpb_column column_container vc_column_container col padding-10-percent inherit_tablet inherit_phone\" data-using-bg=\"true\" data-t-w-inherits=\"default\" data-bg-cover=\"\" data-padding-pos=\"all\" data-has-bg-color=\"true\" data-bg-color=\"#ffffff\" data-bg-opacity=\"1\" data-hover-bg=\"\" data-hover-bg-opacity=\"1\" data-animation=\"\" data-delay=\"0\" >\n\t\t<div class=\"vc_column-inner\" ><div class=\"column-bg-overlay-wrap\" data-bg-animation=\"none\"><div class=\"column-bg-overlay\" style=\"opacity: 1; background-color: #ffffff;\"><\/div><\/div>\n\t\t\t<div class=\"wpb_wrapper\">\n\t\t\t\t<div id=\"fws_69f3531a48430\" data-midnight=\"\" data-column-margin=\"default\" class=\"wpb_row vc_row-fluid vc_row inner_row standard_section\"  style=\"padding-top: 0px; padding-bottom: 0px; \"><div class=\"row-bg-wrap\"> <div class=\"row-bg\" ><\/div> <\/div><div class=\"row_col_wrap_12_inner col span_12  left\">\n\t<div  class=\"vc_col-sm-12 wpb_column column_container vc_column_container col child_column has-animation no-extra-padding inherit_tablet inherit_phone\"   data-t-w-inherits=\"default\" data-bg-cover=\"\" data-padding-pos=\"all\" data-has-bg-color=\"false\" data-bg-color=\"\" data-bg-opacity=\"1\" data-hover-bg=\"\" data-hover-bg-opacity=\"1\" data-animation=\"fade-in-from-bottom\" data-delay=\"0\">\n\t\t<div class=\"vc_column-inner\" ><div class=\"column-bg-overlay-wrap\" data-bg-animation=\"none\"><div class=\"column-bg-overlay\"><\/div><\/div>\n\t\t<div class=\"wpb_wrapper\">\n\t\t\t<div class=\"iwithtext\"><div class=\"iwt-icon\"> <i class=\"icon-default-style linecon-icon-banknote accent-color\"><\/i> <\/div><div class=\"iwt-text\"> <strong>Fondos<\/strong><\/p>\n<p>Grandes Desaf\u00edos Canad\u00e1 <\/div><div class=\"clear\"><\/div><\/div><div class=\"iwithtext\"><div class=\"iwt-icon\"> <i class=\"icon-default-style linecon-icon-settings accent-color\"><\/i> <\/div><div class=\"iwt-text\"> <strong>Programa<\/strong><\/p>\n<p>Salud mental mundial <\/div><div class=\"clear\"><\/div><\/div><div class=\"iwithtext\"><div class=\"iwt-icon\"> <i class=\"icon-default-style linecon-icon-shop accent-color\"><\/i> <\/div><div class=\"iwt-text\"> \n<div><b>Organizaci\u00f3n implementadora<\/b><\/div>\n<p>Organizaci\u00f3n de los Pueblos Ind\u00edgenas de la Amazon\u00eda Colombiana (OPIAC) <\/div><div class=\"clear\"><\/div><\/div><div class=\"iwithtext\"><div class=\"iwt-icon\"> <i class=\"icon-default-style icon-flag-alt accent-color\"><\/i> <\/div><div class=\"iwt-text\"> <strong>Instituci\u00f3n Pa\u00eds<\/strong><\/p>\n<p>Colombia <\/div><div class=\"clear\"><\/div><\/div><div class=\"iwithtext\"><div class=\"iwt-icon\"> <i class=\"icon-default-style icon-flag-alt accent-color\"><\/i> <\/div><div class=\"iwt-text\"> <strong>Pa\u00eds de implementaci\u00f3n<\/strong><\/p>\n<p>Colombia <\/div><div class=\"clear\"><\/div><\/div><div class=\"iwithtext\"><div class=\"iwt-icon\"> <i class=\"icon-default-style linecon-icon-world accent-color\"><\/i> <\/div><div class=\"iwt-text\"> <strong>Regi\u00f3n de implementaci\u00f3n<\/strong><\/p>\n<p>Am\u00e9rica Latina y el Caribe <\/div><div class=\"clear\"><\/div><\/div><div class=\"iwithtext\"><div class=\"iwt-icon\"> <i class=\"icon-default-style linecon-icon-star accent-color\"><\/i> <\/div><div class=\"iwt-text\"> <strong>Enfocar<\/strong><\/p>\n<p>Promoci\u00f3n y Prevenci\u00f3n del Bienestar Mental <\/div><div class=\"clear\"><\/div><\/div>\n\t\t<\/div> \n\t<\/div>\n\t<\/div> \n<\/div><\/div>\n\t\t\t<\/div> \n\t\t<\/div>\n\t<\/div> \n<\/div><\/div>","protected":false},"excerpt":{"rendered":"Embracing the traditional and the westernIndigenous youth\u2019s pursuit to promote mental well-beingWith the aim of supporting Indigenous youth of Vaup\u00e9s, a region of the Colombian Amazonia, we have joined this...","protected":false},"author":1,"featured_media":3664,"parent":0,"menu_order":0,"comment_status":"closed","ping_status":"closed","template":"","meta":{"footnotes":""},"class_list":["post-3657","page","type-page","status-publish","has-post-thumbnail"],"yoast_head":"<!-- This site is optimized with the Yoast SEO plugin v27.4 - https:\/\/yoast.com\/product\/yoast-seo-wordpress\/ -->\n<title>OPIAC - Kindred Global<\/title>\n<meta name=\"description\" content=\"Embracing the traditional and the western: indigenous youth\u2019s pursuit to promote mental well-being\" \/>\n<meta name=\"robots\" content=\"index, follow, max-snippet:-1, max-image-preview:large, max-video-preview:-1\" \/>\n<link rel=\"canonical\" href=\"https:\/\/kindredglobal.org\/es\/opiac\/\" \/>\n<meta property=\"og:locale\" content=\"es_ES\" \/>\n<meta property=\"og:type\" content=\"article\" \/>\n<meta property=\"og:title\" content=\"OPIAC - Kindred Global\" \/>\n<meta property=\"og:description\" content=\"Embracing the traditional and the western: indigenous youth\u2019s pursuit to promote mental well-being\" \/>\n<meta property=\"og:url\" content=\"https:\/\/kindredglobal.org\/es\/opiac\/\" \/>\n<meta property=\"og:site_name\" content=\"Kindred Global\" \/>\n<meta property=\"article:modified_time\" content=\"2022-05-02T22:33:05+00:00\" \/>\n<meta property=\"og:image\" content=\"https:\/\/kindredglobal.org\/wp-content\/uploads\/2022\/02\/273154211_417219590194058_3135135013462811095_n.jpeg\" \/>\n\t<meta property=\"og:image:width\" content=\"915\" \/>\n\t<meta property=\"og:image:height\" content=\"654\" \/>\n\t<meta property=\"og:image:type\" content=\"image\/jpeg\" \/>\n<meta name=\"twitter:card\" content=\"summary_large_image\" \/>\n<meta name=\"twitter:label1\" content=\"Tiempo de lectura\" \/>\n\t<meta name=\"twitter:data1\" content=\"2 minutos\" \/>\n<script type=\"application\/ld+json\" class=\"yoast-schema-graph\">{\"@context\":\"https:\\\/\\\/schema.org\",\"@graph\":[{\"@type\":\"WebPage\",\"@id\":\"https:\\\/\\\/kindredglobal.org\\\/opiac\\\/\",\"url\":\"https:\\\/\\\/kindredglobal.org\\\/opiac\\\/\",\"name\":\"OPIAC - Kindred Global\",\"isPartOf\":{\"@id\":\"https:\\\/\\\/kindredglobal.org\\\/#website\"},\"primaryImageOfPage\":{\"@id\":\"https:\\\/\\\/kindredglobal.org\\\/opiac\\\/#primaryimage\"},\"image\":{\"@id\":\"https:\\\/\\\/kindredglobal.org\\\/opiac\\\/#primaryimage\"},\"thumbnailUrl\":\"https:\\\/\\\/kindredglobal.org\\\/wp-content\\\/uploads\\\/2022\\\/02\\\/273154211_417219590194058_3135135013462811095_n.jpeg\",\"datePublished\":\"2022-02-10T01:18:30+00:00\",\"dateModified\":\"2022-05-02T22:33:05+00:00\",\"description\":\"Embracing the traditional and the western: indigenous youth\u2019s pursuit to promote mental well-being\",\"breadcrumb\":{\"@id\":\"https:\\\/\\\/kindredglobal.org\\\/opiac\\\/#breadcrumb\"},\"inLanguage\":\"es-CO\",\"potentialAction\":[{\"@type\":\"ReadAction\",\"target\":[\"https:\\\/\\\/kindredglobal.org\\\/opiac\\\/\"]}]},{\"@type\":\"ImageObject\",\"inLanguage\":\"es-CO\",\"@id\":\"https:\\\/\\\/kindredglobal.org\\\/opiac\\\/#primaryimage\",\"url\":\"https:\\\/\\\/kindredglobal.org\\\/wp-content\\\/uploads\\\/2022\\\/02\\\/273154211_417219590194058_3135135013462811095_n.jpeg\",\"contentUrl\":\"https:\\\/\\\/kindredglobal.org\\\/wp-content\\\/uploads\\\/2022\\\/02\\\/273154211_417219590194058_3135135013462811095_n.jpeg\",\"width\":915,\"height\":654,\"caption\":\"Indigenous youth community mental health workshop\"},{\"@type\":\"BreadcrumbList\",\"@id\":\"https:\\\/\\\/kindredglobal.org\\\/opiac\\\/#breadcrumb\",\"itemListElement\":[{\"@type\":\"ListItem\",\"position\":1,\"name\":\"Home\",\"item\":\"https:\\\/\\\/kindredglobal.org\\\/\"},{\"@type\":\"ListItem\",\"position\":2,\"name\":\"OPIAC\"}]},{\"@type\":\"WebSite\",\"@id\":\"https:\\\/\\\/kindredglobal.org\\\/#website\",\"url\":\"https:\\\/\\\/kindredglobal.org\\\/\",\"name\":\"Kindred Global\",\"description\":\"Working together for wellbeing\",\"potentialAction\":[{\"@type\":\"SearchAction\",\"target\":{\"@type\":\"EntryPoint\",\"urlTemplate\":\"https:\\\/\\\/kindredglobal.org\\\/?s={search_term_string}\"},\"query-input\":{\"@type\":\"PropertyValueSpecification\",\"valueRequired\":true,\"valueName\":\"search_term_string\"}}],\"inLanguage\":\"es-CO\"}]}<\/script>\n<!-- \/ Yoast SEO plugin. -->","yoast_head_json":{"title":"OPIAC - Kindred Global","description":"Abrazando lo tradicional y lo occidental: la b\u00fasqueda de j\u00f3venes ind\u00edgenas para promover el bienestar mental","robots":{"index":"index","follow":"follow","max-snippet":"max-snippet:-1","max-image-preview":"max-image-preview:large","max-video-preview":"max-video-preview:-1"},"canonical":"https:\/\/kindredglobal.org\/es\/opiac\/","og_locale":"es_ES","og_type":"article","og_title":"OPIAC - Kindred Global","og_description":"Embracing the traditional and the western: indigenous youth\u2019s pursuit to promote mental well-being","og_url":"https:\/\/kindredglobal.org\/es\/opiac\/","og_site_name":"Kindred Global","article_modified_time":"2022-05-02T22:33:05+00:00","og_image":[{"width":915,"height":654,"url":"https:\/\/kindredglobal.org\/wp-content\/uploads\/2022\/02\/273154211_417219590194058_3135135013462811095_n.jpeg","type":"image\/jpeg"}],"twitter_card":"summary_large_image","twitter_misc":{"Tiempo de lectura":"2 minutos"},"schema":{"@context":"https:\/\/schema.org","@graph":[{"@type":"WebPage","@id":"https:\/\/kindredglobal.org\/opiac\/","url":"https:\/\/kindredglobal.org\/opiac\/","name":"OPIAC - Kindred Global","isPartOf":{"@id":"https:\/\/kindredglobal.org\/#website"},"primaryImageOfPage":{"@id":"https:\/\/kindredglobal.org\/opiac\/#primaryimage"},"image":{"@id":"https:\/\/kindredglobal.org\/opiac\/#primaryimage"},"thumbnailUrl":"https:\/\/kindredglobal.org\/wp-content\/uploads\/2022\/02\/273154211_417219590194058_3135135013462811095_n.jpeg","datePublished":"2022-02-10T01:18:30+00:00","dateModified":"2022-05-02T22:33:05+00:00","description":"Abrazando lo tradicional y lo occidental: la b\u00fasqueda de j\u00f3venes ind\u00edgenas para promover el bienestar mental","breadcrumb":{"@id":"https:\/\/kindredglobal.org\/opiac\/#breadcrumb"},"inLanguage":"es-CO","potentialAction":[{"@type":"ReadAction","target":["https:\/\/kindredglobal.org\/opiac\/"]}]},{"@type":"ImageObject","inLanguage":"es-CO","@id":"https:\/\/kindredglobal.org\/opiac\/#primaryimage","url":"https:\/\/kindredglobal.org\/wp-content\/uploads\/2022\/02\/273154211_417219590194058_3135135013462811095_n.jpeg","contentUrl":"https:\/\/kindredglobal.org\/wp-content\/uploads\/2022\/02\/273154211_417219590194058_3135135013462811095_n.jpeg","width":915,"height":654,"caption":"Indigenous youth community mental health workshop"},{"@type":"BreadcrumbList","@id":"https:\/\/kindredglobal.org\/opiac\/#breadcrumb","itemListElement":[{"@type":"ListItem","position":1,"name":"Home","item":"https:\/\/kindredglobal.org\/"},{"@type":"ListItem","position":2,"name":"OPIAC"}]},{"@type":"WebSite","@id":"https:\/\/kindredglobal.org\/#website","url":"https:\/\/kindredglobal.org\/","name":"Kindred Global","description":"Working together for wellbeing","potentialAction":[{"@type":"SearchAction","target":{"@type":"EntryPoint","urlTemplate":"https:\/\/kindredglobal.org\/?s={search_term_string}"},"query-input":{"@type":"PropertyValueSpecification","valueRequired":true,"valueName":"search_term_string"}}],"inLanguage":"es-CO"}]}},"_links":{"self":[{"href":"https:\/\/kindredglobal.org\/es\/wp-json\/wp\/v2\/pages\/3657","targetHints":{"allow":["GET"]}}],"collection":[{"href":"https:\/\/kindredglobal.org\/es\/wp-json\/wp\/v2\/pages"}],"about":[{"href":"https:\/\/kindredglobal.org\/es\/wp-json\/wp\/v2\/types\/page"}],"author":[{"embeddable":true,"href":"https:\/\/kindredglobal.org\/es\/wp-json\/wp\/v2\/users\/1"}],"replies":[{"embeddable":true,"href":"https:\/\/kindredglobal.org\/es\/wp-json\/wp\/v2\/comments?post=3657"}],"version-history":[{"count":24,"href":"https:\/\/kindredglobal.org\/es\/wp-json\/wp\/v2\/pages\/3657\/revisions"}],"predecessor-version":[{"id":3889,"href":"https:\/\/kindredglobal.org\/es\/wp-json\/wp\/v2\/pages\/3657\/revisions\/3889"}],"wp:featuredmedia":[{"embeddable":true,"href":"https:\/\/kindredglobal.org\/es\/wp-json\/wp\/v2\/media\/3664"}],"wp:attachment":[{"href":"https:\/\/kindredglobal.org\/es\/wp-json\/wp\/v2\/media?parent=3657"}],"curies":[{"name":"wp","href":"https:\/\/api.w.org\/{rel}","templated":true}]}}