{"id":3956,"date":"2023-04-28T02:35:54","date_gmt":"2023-04-28T02:35:54","guid":{"rendered":"https:\/\/kindred.com.co\/?page_id=3956"},"modified":"2023-04-28T05:16:02","modified_gmt":"2023-04-28T05:16:02","slug":"shifaam-saharo","status":"publish","type":"page","link":"https:\/\/kindredglobal.org\/es\/shifaam-saharo\/","title":{"rendered":"Shifaam and Saharo"},"content":{"rendered":"<div id=\"fws_69f2b6fd8e51e\"  data-column-margin=\"default\" data-midnight=\"dark\"  class=\"wpb_row vc_row-fluid vc_row full-width-content  vc_row-o-equal-height vc_row-flex  vc_row-o-content-middle standard_section\"  style=\"padding-top: 0px; padding-bottom: 0px; \"><div class=\"row-bg-wrap\" data-bg-animation=\"none\" data-bg-overlay=\"false\"><div class=\"inner-wrap\"><div class=\"row-bg using-bg-color\"  style=\"background-color: #ffffff; \"><\/div><\/div><div class=\"row-bg-overlay\" ><\/div><\/div><div class=\"row_col_wrap_12 col span_12 dark left\">\n\t<div style=\"\" class=\"vc_col-sm-6 wpb_column column_container vc_column_container col padding-7-percent inherit_tablet inherit_phone\" data-using-bg=\"true\" data-t-w-inherits=\"default\" data-bg-cover=\"\" data-padding-pos=\"all\" data-has-bg-color=\"true\" data-bg-color=\"#f4f4f4\" data-bg-opacity=\"1\" data-hover-bg=\"\" data-hover-bg-opacity=\"1\" data-animation=\"\" data-delay=\"0\" >\n\t\t<div class=\"vc_column-inner\" ><div class=\"column-bg-overlay-wrap\" data-bg-animation=\"none\"><div class=\"column-bg-overlay\" style=\"opacity: 1; background-color: #f4f4f4;\"><\/div><\/div>\n\t\t\t<div class=\"wpb_wrapper\">\n\t\t\t\t<div id=\"fws_69f2b6fd8f604\" data-midnight=\"\" data-column-margin=\"default\" class=\"wpb_row vc_row-fluid vc_row inner_row standard_section\"  style=\"padding-top: 0px; padding-bottom: 0px; \"><div class=\"row-bg-wrap\"> <div class=\"row-bg\" ><\/div> <\/div><div class=\"row_col_wrap_12_inner col span_12  left\">\n\t<div  class=\"vc_col-sm-12 wpb_column column_container vc_column_container col child_column has-animation no-extra-padding inherit_tablet inherit_phone\"   data-t-w-inherits=\"default\" data-bg-cover=\"\" data-padding-pos=\"all\" data-has-bg-color=\"false\" data-bg-color=\"\" data-bg-opacity=\"1\" data-hover-bg=\"\" data-hover-bg-opacity=\"1\" data-animation=\"fade-in-from-bottom\" data-delay=\"0\">\n\t\t<div class=\"vc_column-inner\" ><div class=\"column-bg-overlay-wrap\" data-bg-animation=\"none\"><div class=\"column-bg-overlay\"><\/div><\/div>\n\t\t<div class=\"wpb_wrapper\">\n\t\t\t<h2 style=\"font-size: 40px;line-height: 50px;text-align: left\" class=\"vc_custom_heading\" >Training Community Workers<\/h2><h5 style=\"color: #bfbfbf;line-height: 1.2em;text-align: left\" class=\"vc_custom_heading vc_custom_1682658962377\" >in Responding to Mental Health Needs in the Aftermath of Pakistan's Floods<\/h5><div class=\"divider-wrap\" data-alignment=\"default\"><div style=\"height: 25px;\" class=\"divider\"><\/div><\/div><p style=\"color: rgba(10,10,10,0.6);text-align: left\" class=\"vc_custom_heading\" >In March 2023, we offered a two-day awareness-raising session in collaboration with Shifaam, a digital healthcare platform, and Saharo Foundation, titled, Introduction to Mental Health First Aid for Flood Relief Workers in Pakistan. The Shifaam team along with Kindred\u2019s Representative in Pakistan broadcasted the session from Karachi, the largest city of Pakistan, to community workers in two cities in the interior Sindh, Naushahro Feroze and Shahdadpur; Kindred team members, Carolina and Steve, joined in virtually from Colombia and Australia, respectively. The session was conducted in English and two local languages, Urdu and Sindhi. Aimed as an introductory space around community mental health, we combined theoretical and practical elements, with a strong emphasis on how to work with communities in the aftermath of recent floods.<\/p><p style=\"color: rgba(10,10,10,0.6);text-align: left\" class=\"vc_custom_heading\" >On the first day, we began by sharing characteristics of community mental health, such as having the focus on communities, rather than on individuals, as well as the active role of communities defining language and methods. This was followed by an explanation of a development approach to mental health, clarifying how we work in partnership with clinical specialists at all times highlighting our work in varying contexts of Australia, India, Pakistan, Uganda and Colombia. We presented six concepts to describe the development approach: human rights; awareness; livelihoods; community engagement; equity and interculturality.<\/p>\n\t\t<\/div> \n\t<\/div>\n\t<\/div> \n<\/div><\/div>\n\t\t\t<\/div> \n\t\t<\/div>\n\t<\/div> \n\n\t<div style=\"\" class=\"vc_col-sm-6 wpb_column column_container vc_column_container col no-extra-padding inherit_tablet inherit_phone\" data-using-bg=\"true\" data-t-w-inherits=\"default\" data-bg-cover=\"true\" data-padding-pos=\"all\" data-has-bg-color=\"false\" data-bg-color=\"\" data-bg-opacity=\"1\" data-hover-bg=\"\" data-hover-bg-opacity=\"1\" data-animation=\"\" data-delay=\"0\" >\n\t\t<div class=\"vc_column-inner\" ><div class=\"column-image-bg-wrap\" data-bg-pos=\"center center\" data-bg-animation=\"none\" data-bg-overlay=\"false\"><div class=\"inner-wrap\"><div class=\"column-image-bg\" style=\" background-image: url('https:\/\/kindredglobal.org\/wp-content\/uploads\/2023\/04\/Picture-1.jpg'); \"><\/div><\/div><\/div><div class=\"column-bg-overlay-wrap\" data-bg-animation=\"none\"><div class=\"column-bg-overlay\"><\/div><\/div>\n\t\t\t<div class=\"wpb_wrapper\">\n\t\t\t\t\n\t\t\t<\/div> \n\t\t<\/div>\n\t<\/div> \n<\/div><\/div>\n\t\t<div id=\"fws_69f2b6fd91d78\"  data-column-margin=\"default\" data-midnight=\"dark\"  class=\"wpb_row vc_row-fluid vc_row full-width-content  vc_row-o-equal-height vc_row-flex  vc_row-o-content-middle standard_section\"  style=\"padding-top: 0px; padding-bottom: 0px; \"><div class=\"row-bg-wrap\" data-bg-animation=\"none\" data-bg-overlay=\"false\"><div class=\"inner-wrap\"><div class=\"row-bg\"  style=\"\"><\/div><\/div><div class=\"row-bg-overlay\" ><\/div><\/div><div class=\"row_col_wrap_12 col span_12 dark left\">\n\t<div style=\"\" class=\"vc_col-sm-6 wpb_column column_container vc_column_container col no-extra-padding inherit_tablet inherit_phone\" data-using-bg=\"true\" data-t-w-inherits=\"default\" data-bg-cover=\"true\" data-padding-pos=\"all\" data-has-bg-color=\"false\" data-bg-color=\"\" data-bg-opacity=\"1\" data-hover-bg=\"\" data-hover-bg-opacity=\"1\" data-animation=\"\" data-delay=\"0\" >\n\t\t<div class=\"vc_column-inner\" ><div class=\"column-image-bg-wrap\" data-bg-pos=\"center center\" data-bg-animation=\"none\" data-bg-overlay=\"false\"><div class=\"inner-wrap\"><div class=\"column-image-bg\" style=\" background-image: url('https:\/\/kindredglobal.org\/wp-content\/uploads\/2023\/04\/Picture-2.jpg'); \"><\/div><\/div><\/div><div class=\"column-bg-overlay-wrap\" data-bg-animation=\"none\"><div class=\"column-bg-overlay\"><\/div><\/div>\n\t\t\t<div class=\"wpb_wrapper\">\n\t\t\t\t\n\t\t\t<\/div> \n\t\t<\/div>\n\t<\/div> \n\n\t<div style=\"\" class=\"vc_col-sm-6 wpb_column column_container vc_column_container col padding-7-percent inherit_tablet inherit_phone\" data-using-bg=\"true\" data-t-w-inherits=\"default\" data-bg-cover=\"\" data-padding-pos=\"all\" data-has-bg-color=\"true\" data-bg-color=\"#f4f4f4\" data-bg-opacity=\"1\" data-hover-bg=\"\" data-hover-bg-opacity=\"1\" data-animation=\"\" data-delay=\"0\" >\n\t\t<div class=\"vc_column-inner\" ><div class=\"column-bg-overlay-wrap\" data-bg-animation=\"none\"><div class=\"column-bg-overlay\" style=\"opacity: 1; background-color: #f4f4f4;\"><\/div><\/div>\n\t\t\t<div class=\"wpb_wrapper\">\n\t\t\t\t<div id=\"fws_69f2b6fd926d5\" data-midnight=\"\" data-column-margin=\"default\" class=\"wpb_row vc_row-fluid vc_row inner_row standard_section\"  style=\"padding-top: 0px; padding-bottom: 0px; \"><div class=\"row-bg-wrap\"> <div class=\"row-bg\" ><\/div> <\/div><div class=\"row_col_wrap_12_inner col span_12  left\">\n\t<div  class=\"vc_col-sm-12 wpb_column column_container vc_column_container col child_column has-animation no-extra-padding inherit_tablet inherit_phone\"   data-t-w-inherits=\"default\" data-bg-cover=\"\" data-padding-pos=\"all\" data-has-bg-color=\"false\" data-bg-color=\"\" data-bg-opacity=\"1\" data-hover-bg=\"\" data-hover-bg-opacity=\"1\" data-animation=\"fade-in-from-bottom\" data-delay=\"0\">\n\t\t<div class=\"vc_column-inner\" ><div class=\"column-bg-overlay-wrap\" data-bg-animation=\"none\"><div class=\"column-bg-overlay\"><\/div><\/div>\n\t\t<div class=\"wpb_wrapper\">\n\t\t\t<p style=\"color: rgba(10,10,10,0.6);text-align: left\" class=\"vc_custom_heading\" >Having introduced those foundations, we then invited the participants to consider those elements in the context of a post-disaster situation. We focused on practical ways to support better community responses to mental health problems and combat stigma.<\/p><p style=\"color: rgba(10,10,10,0.6);text-align: left\" class=\"vc_custom_heading\" >A psychotherapist and a clinical psychologist from Shifaam\u2019s Health and Well-being Team introduced various mental health disorders relevant to a post-emergency context in terms of symptoms, basic assessment and management, according to WHO\u2019s mhGAP Humanitarian Intervention Guide:<\/p><div class=\"nectar-fancy-ul\" data-list-icon=\"icon-salient-thin-line\" data-animation=\"true\" data-animation-delay=\"0\" data-color=\"accent-color\" data-spacing=\"default\" data-alignment=\"left\"> \n<ul style=\"color: rgba(10,10,10,0.6);\">\n<li>acute stress<\/li>\n<li>grief<\/li>\n<li>depression<\/li>\n<li>post-traumatic stress disorders<\/li>\n<li>child and adolescent behavioural disorders<\/li>\n<li>abuse<\/li>\n<\/ul>\n <\/div><p style=\"color: rgba(10,10,10,0.6);text-align: left\" class=\"vc_custom_heading\" >These experts also demonstrated a deep breathing exercise and invited participants to participate.<\/p><p style=\"color: rgba(10,10,10,0.6);text-align: left\" class=\"vc_custom_heading\" >To conclude, our team\u2019s focus shifted to practical ways for community workers to incorporate psychological first aid principles in their work and conversations. Relevant conversational skills and tools such as hosting community meetings were mentioned too. \u2018Social animation\u2019 was introduced to participants, which was a new concept for many.<\/p><p style=\"color: rgba(10,10,10,0.6);text-align: left\" class=\"vc_custom_heading\" >Overall, the participants indicated great interest and enthusiasm throughout the training. They shared many personal stories and those encountered in the community and sought advice. Most participants, out of 49 total, indicated no training or knowledge of mental health prior to this session and expressed gratitude at having gained knowledge now to help themselves and their community.<\/p>\n\t\t<\/div> \n\t<\/div>\n\t<\/div> \n<\/div><\/div>\n\t\t\t<\/div> \n\t\t<\/div>\n\t<\/div> \n<\/div><\/div>","protected":false},"excerpt":{"rendered":"Training Community Workersin Responding to Mental Health Needs in the Aftermath of Pakistan's FloodsIn March 2023, we offered a two-day awareness-raising session in collaboration with Shifaam, a digital healthcare platform,...","protected":false},"author":7,"featured_media":3957,"parent":0,"menu_order":0,"comment_status":"closed","ping_status":"closed","template":"","meta":{"footnotes":""},"class_list":["post-3956","page","type-page","status-publish","has-post-thumbnail"],"yoast_head":"<!-- This site is optimized with the Yoast SEO plugin v27.4 - https:\/\/yoast.com\/product\/yoast-seo-wordpress\/ -->\n<title>Shifaam and Saharo - Kindred Global<\/title>\n<meta name=\"description\" content=\"Embracing the traditional and the western: indigenous youth\u2019s pursuit to promote mental well-being\" \/>\n<meta name=\"robots\" content=\"index, follow, max-snippet:-1, max-image-preview:large, max-video-preview:-1\" \/>\n<link rel=\"canonical\" href=\"https:\/\/kindredglobal.org\/es\/shifaam-saharo\/\" \/>\n<meta property=\"og:locale\" content=\"es_ES\" \/>\n<meta property=\"og:type\" content=\"article\" \/>\n<meta property=\"og:title\" content=\"Shifaam and Saharo - Kindred Global\" \/>\n<meta property=\"og:description\" content=\"Embracing the traditional and the western: indigenous youth\u2019s pursuit to promote mental well-being\" \/>\n<meta property=\"og:url\" content=\"https:\/\/kindredglobal.org\/es\/shifaam-saharo\/\" \/>\n<meta property=\"og:site_name\" content=\"Kindred Global\" \/>\n<meta property=\"article:modified_time\" content=\"2023-04-28T05:16:02+00:00\" \/>\n<meta property=\"og:image\" content=\"https:\/\/kindredglobal.org\/wp-content\/uploads\/2023\/04\/Picture-1.jpg\" \/>\n\t<meta property=\"og:image:width\" content=\"1041\" \/>\n\t<meta property=\"og:image:height\" content=\"781\" \/>\n\t<meta property=\"og:image:type\" content=\"image\/jpeg\" \/>\n<meta name=\"twitter:card\" content=\"summary_large_image\" \/>\n<meta name=\"twitter:label1\" content=\"Tiempo de lectura\" \/>\n\t<meta name=\"twitter:data1\" content=\"2 minutos\" \/>\n<script type=\"application\/ld+json\" class=\"yoast-schema-graph\">{\"@context\":\"https:\\\/\\\/schema.org\",\"@graph\":[{\"@type\":\"WebPage\",\"@id\":\"https:\\\/\\\/kindredglobal.org\\\/es\\\/shifaam-saharo\\\/\",\"url\":\"https:\\\/\\\/kindredglobal.org\\\/es\\\/shifaam-saharo\\\/\",\"name\":\"Shifaam and Saharo - Kindred Global\",\"isPartOf\":{\"@id\":\"https:\\\/\\\/kindredglobal.org\\\/#website\"},\"primaryImageOfPage\":{\"@id\":\"https:\\\/\\\/kindredglobal.org\\\/es\\\/shifaam-saharo\\\/#primaryimage\"},\"image\":{\"@id\":\"https:\\\/\\\/kindredglobal.org\\\/es\\\/shifaam-saharo\\\/#primaryimage\"},\"thumbnailUrl\":\"https:\\\/\\\/kindredglobal.org\\\/wp-content\\\/uploads\\\/2023\\\/04\\\/Picture-1.jpg\",\"datePublished\":\"2023-04-28T02:35:54+00:00\",\"dateModified\":\"2023-04-28T05:16:02+00:00\",\"description\":\"Embracing the traditional and the western: indigenous youth\u2019s pursuit to promote mental well-being\",\"breadcrumb\":{\"@id\":\"https:\\\/\\\/kindredglobal.org\\\/es\\\/shifaam-saharo\\\/#breadcrumb\"},\"inLanguage\":\"es-CO\",\"potentialAction\":[{\"@type\":\"ReadAction\",\"target\":[\"https:\\\/\\\/kindredglobal.org\\\/es\\\/shifaam-saharo\\\/\"]}]},{\"@type\":\"ImageObject\",\"inLanguage\":\"es-CO\",\"@id\":\"https:\\\/\\\/kindredglobal.org\\\/es\\\/shifaam-saharo\\\/#primaryimage\",\"url\":\"https:\\\/\\\/kindredglobal.org\\\/wp-content\\\/uploads\\\/2023\\\/04\\\/Picture-1.jpg\",\"contentUrl\":\"https:\\\/\\\/kindredglobal.org\\\/wp-content\\\/uploads\\\/2023\\\/04\\\/Picture-1.jpg\",\"width\":1041,\"height\":781,\"caption\":\"Introduction to Mental Health First Aid for Flood Relief Workers in Pakistan\"},{\"@type\":\"BreadcrumbList\",\"@id\":\"https:\\\/\\\/kindredglobal.org\\\/es\\\/shifaam-saharo\\\/#breadcrumb\",\"itemListElement\":[{\"@type\":\"ListItem\",\"position\":1,\"name\":\"Home\",\"item\":\"https:\\\/\\\/kindredglobal.org\\\/\"},{\"@type\":\"ListItem\",\"position\":2,\"name\":\"Shifaam and Saharo\"}]},{\"@type\":\"WebSite\",\"@id\":\"https:\\\/\\\/kindredglobal.org\\\/#website\",\"url\":\"https:\\\/\\\/kindredglobal.org\\\/\",\"name\":\"Kindred Global\",\"description\":\"Working together for wellbeing\",\"potentialAction\":[{\"@type\":\"SearchAction\",\"target\":{\"@type\":\"EntryPoint\",\"urlTemplate\":\"https:\\\/\\\/kindredglobal.org\\\/?s={search_term_string}\"},\"query-input\":{\"@type\":\"PropertyValueSpecification\",\"valueRequired\":true,\"valueName\":\"search_term_string\"}}],\"inLanguage\":\"es-CO\"}]}<\/script>\n<!-- \/ Yoast SEO plugin. -->","yoast_head_json":{"title":"Shifaam and Saharo - Kindred Global","description":"Abrazando lo tradicional y lo occidental: la b\u00fasqueda de j\u00f3venes ind\u00edgenas para promover el bienestar mental","robots":{"index":"index","follow":"follow","max-snippet":"max-snippet:-1","max-image-preview":"max-image-preview:large","max-video-preview":"max-video-preview:-1"},"canonical":"https:\/\/kindredglobal.org\/es\/shifaam-saharo\/","og_locale":"es_ES","og_type":"article","og_title":"Shifaam and Saharo - Kindred Global","og_description":"Embracing the traditional and the western: indigenous youth\u2019s pursuit to promote mental well-being","og_url":"https:\/\/kindredglobal.org\/es\/shifaam-saharo\/","og_site_name":"Kindred Global","article_modified_time":"2023-04-28T05:16:02+00:00","og_image":[{"width":1041,"height":781,"url":"https:\/\/kindredglobal.org\/wp-content\/uploads\/2023\/04\/Picture-1.jpg","type":"image\/jpeg"}],"twitter_card":"summary_large_image","twitter_misc":{"Tiempo de lectura":"2 minutos"},"schema":{"@context":"https:\/\/schema.org","@graph":[{"@type":"WebPage","@id":"https:\/\/kindredglobal.org\/es\/shifaam-saharo\/","url":"https:\/\/kindredglobal.org\/es\/shifaam-saharo\/","name":"Shifaam and Saharo - Kindred Global","isPartOf":{"@id":"https:\/\/kindredglobal.org\/#website"},"primaryImageOfPage":{"@id":"https:\/\/kindredglobal.org\/es\/shifaam-saharo\/#primaryimage"},"image":{"@id":"https:\/\/kindredglobal.org\/es\/shifaam-saharo\/#primaryimage"},"thumbnailUrl":"https:\/\/kindredglobal.org\/wp-content\/uploads\/2023\/04\/Picture-1.jpg","datePublished":"2023-04-28T02:35:54+00:00","dateModified":"2023-04-28T05:16:02+00:00","description":"Abrazando lo tradicional y lo occidental: la b\u00fasqueda de j\u00f3venes ind\u00edgenas para promover el bienestar mental","breadcrumb":{"@id":"https:\/\/kindredglobal.org\/es\/shifaam-saharo\/#breadcrumb"},"inLanguage":"es-CO","potentialAction":[{"@type":"ReadAction","target":["https:\/\/kindredglobal.org\/es\/shifaam-saharo\/"]}]},{"@type":"ImageObject","inLanguage":"es-CO","@id":"https:\/\/kindredglobal.org\/es\/shifaam-saharo\/#primaryimage","url":"https:\/\/kindredglobal.org\/wp-content\/uploads\/2023\/04\/Picture-1.jpg","contentUrl":"https:\/\/kindredglobal.org\/wp-content\/uploads\/2023\/04\/Picture-1.jpg","width":1041,"height":781,"caption":"Introduction to Mental Health First Aid for Flood Relief Workers in Pakistan"},{"@type":"BreadcrumbList","@id":"https:\/\/kindredglobal.org\/es\/shifaam-saharo\/#breadcrumb","itemListElement":[{"@type":"ListItem","position":1,"name":"Home","item":"https:\/\/kindredglobal.org\/"},{"@type":"ListItem","position":2,"name":"Shifaam and Saharo"}]},{"@type":"WebSite","@id":"https:\/\/kindredglobal.org\/#website","url":"https:\/\/kindredglobal.org\/","name":"Kindred Global","description":"Working together for wellbeing","potentialAction":[{"@type":"SearchAction","target":{"@type":"EntryPoint","urlTemplate":"https:\/\/kindredglobal.org\/?s={search_term_string}"},"query-input":{"@type":"PropertyValueSpecification","valueRequired":true,"valueName":"search_term_string"}}],"inLanguage":"es-CO"}]}},"_links":{"self":[{"href":"https:\/\/kindredglobal.org\/es\/wp-json\/wp\/v2\/pages\/3956","targetHints":{"allow":["GET"]}}],"collection":[{"href":"https:\/\/kindredglobal.org\/es\/wp-json\/wp\/v2\/pages"}],"about":[{"href":"https:\/\/kindredglobal.org\/es\/wp-json\/wp\/v2\/types\/page"}],"author":[{"embeddable":true,"href":"https:\/\/kindredglobal.org\/es\/wp-json\/wp\/v2\/users\/7"}],"replies":[{"embeddable":true,"href":"https:\/\/kindredglobal.org\/es\/wp-json\/wp\/v2\/comments?post=3956"}],"version-history":[{"count":8,"href":"https:\/\/kindredglobal.org\/es\/wp-json\/wp\/v2\/pages\/3956\/revisions"}],"predecessor-version":[{"id":3968,"href":"https:\/\/kindredglobal.org\/es\/wp-json\/wp\/v2\/pages\/3956\/revisions\/3968"}],"wp:featuredmedia":[{"embeddable":true,"href":"https:\/\/kindredglobal.org\/es\/wp-json\/wp\/v2\/media\/3957"}],"wp:attachment":[{"href":"https:\/\/kindredglobal.org\/es\/wp-json\/wp\/v2\/media?parent=3956"}],"curies":[{"name":"wp","href":"https:\/\/api.w.org\/{rel}","templated":true}]}}