{"id":4012,"date":"2024-02-01T02:13:42","date_gmt":"2024-02-01T02:13:42","guid":{"rendered":"https:\/\/kindred.com.co\/?page_id=4012"},"modified":"2025-12-04T06:48:33","modified_gmt":"2025-12-04T06:48:33","slug":"reach-alliance","status":"publish","type":"page","link":"https:\/\/kindredglobal.org\/es\/reach-alliance\/","title":{"rendered":"Alianza Reach"},"content":{"rendered":"<div id=\"fws_69f352f8b9cf3\"  data-column-margin=\"default\" data-midnight=\"light\"  class=\"wpb_row vc_row-fluid vc_row full-width-content  vc_row-o-equal-height vc_row-flex  vc_row-o-content-middle standard_section\"  style=\"padding-top: 0px; padding-bottom: 0px; \"><div class=\"row-bg-wrap\" data-bg-animation=\"none\" data-bg-overlay=\"false\"><div class=\"inner-wrap\"><div class=\"row-bg using-bg-color\"  style=\"background-color: #ffffff; \"><\/div><\/div><div class=\"row-bg-overlay\" ><\/div><\/div><div class=\"row_col_wrap_12 col span_12 light left\">\n\t<div style=\"\" class=\"vc_col-sm-6 wpb_column column_container vc_column_container col padding-10-percent inherit_tablet inherit_phone\" data-using-bg=\"true\" data-t-w-inherits=\"default\" data-bg-cover=\"\" data-padding-pos=\"all\" data-has-bg-color=\"true\" data-bg-color=\"#b455a0\" data-bg-opacity=\"1\" data-hover-bg=\"\" data-hover-bg-opacity=\"1\" data-animation=\"\" data-delay=\"0\" >\n\t\t<div class=\"vc_column-inner\" ><div class=\"column-bg-overlay-wrap\" data-bg-animation=\"none\"><div class=\"column-bg-overlay\" style=\"opacity: 1; background-color: #b455a0;\"><\/div><\/div>\n\t\t\t<div class=\"wpb_wrapper\">\n\t\t\t\t<div id=\"fws_69f352f8ba0f9\" data-midnight=\"\" data-column-margin=\"default\" class=\"wpb_row vc_row-fluid vc_row inner_row standard_section\"  style=\"padding-top: 0px; padding-bottom: 0px; \"><div class=\"row-bg-wrap\"> <div class=\"row-bg\" ><\/div> <\/div><div class=\"row_col_wrap_12_inner col span_12  left\">\n\t<div  class=\"vc_col-sm-12 wpb_column column_container vc_column_container col child_column has-animation no-extra-padding inherit_tablet inherit_phone\"   data-t-w-inherits=\"default\" data-bg-cover=\"\" data-padding-pos=\"all\" data-has-bg-color=\"false\" data-bg-color=\"\" data-bg-opacity=\"1\" data-hover-bg=\"\" data-hover-bg-opacity=\"1\" data-animation=\"fade-in-from-bottom\" data-delay=\"0\">\n\t\t<div class=\"vc_column-inner\" ><div class=\"column-bg-overlay-wrap\" data-bg-animation=\"none\"><div class=\"column-bg-overlay\"><\/div><\/div>\n\t\t<div class=\"wpb_wrapper\">\n\t\t\t<h2 style=\"font-size: 40px;line-height: 50px;text-align: left\" class=\"vc_custom_heading\" ><a href=\"https:\/\/reachalliance.org\" target=\" _blank\" title=\"Alianza Reach\">Alianza Reach<\/a><\/h2><p style=\"color: #ffffff;text-align: left\" class=\"vc_custom_heading\" >La Alianza Reach es una red mundial l\u00edder de partes interesadas de todos los sectores comprometidas con el avance de la Agenda de Desarrollo Sostenible. Juntos, est\u00e1n descubriendo las formas m\u00e1s eficaces de lograr un crecimiento integrador y preparando a una generaci\u00f3n de l\u00edderes con las habilidades necesarias para hacerlo realidad.<\/p><p style=\"color: #ffffff;text-align: left\" class=\"vc_custom_heading\" >En colaboraci\u00f3n con la Universidad de Melbourne, Kindred asesora a estudiantes de investigaci\u00f3n para que estudien c\u00f3mo las intervenciones e innovaciones cr\u00edticas llegan a los \"m\u00e1s dif\u00edciles de alcanzar\": los que viven en la pobreza extrema, los geogr\u00e1ficamente remotos, los administrativamente invisibles y los marginados.<\/p><p style=\"color: #ffffff;text-align: left\" class=\"vc_custom_heading\" >Aprovechando nuestras asociaciones locales existentes, ayudamos a los estudiantes a dise\u00f1ar y ejecutar investigaciones de campo que contribuyan de forma significativa a nuestros socios locales, la red Reach Alliance y la Universidad de Melbourne.<\/p><div class=\"nectar-cta\" data-color=\"default\" data-using-bg=\"false\" data-style=\"see-through\" data-display=\"block\" data-alignment=\"left\" data-text-color=\"std\" ><h5> <span class=\"text\">2023 <\/span><span class=\"link_wrap\" ><a  class=\"link_text\" href=\"\/es\/reach-alliance-2023\/\"><span class=\"arrow\"><\/span><\/a><\/span><\/h5><\/div><div class=\"nectar-cta\" data-color=\"default\" data-using-bg=\"false\" data-style=\"see-through\" data-display=\"block\" data-alignment=\"left\" data-text-color=\"std\" ><h5> <span class=\"text\">2024 <\/span><span class=\"link_wrap\" ><a  class=\"link_text\" href=\"\/es\/reach-alliance-2024\/\"><span class=\"arrow\"><\/span><\/a><\/span><\/h5><\/div><div class=\"nectar-cta\" data-color=\"default\" data-using-bg=\"false\" data-style=\"see-through\" data-display=\"block\" data-alignment=\"left\" data-text-color=\"std\" ><h5> <span class=\"text\">2025 <\/span><span class=\"link_wrap\" ><a  class=\"link_text\" href=\"\/es\/reach-alliance-2025\/\"><span class=\"arrow\"><\/span><\/a><\/span><\/h5><\/div>\n\t\t<\/div> \n\t<\/div>\n\t<\/div> \n<\/div><\/div>\n\t\t\t<\/div> \n\t\t<\/div>\n\t<\/div> \n\n\t<div style=\"\" class=\"vc_col-sm-6 wpb_column column_container vc_column_container col no-extra-padding inherit_tablet inherit_phone\" data-using-bg=\"true\" data-t-w-inherits=\"default\" data-bg-cover=\"true\" data-padding-pos=\"all\" data-has-bg-color=\"false\" data-bg-color=\"\" data-bg-opacity=\"1\" data-hover-bg=\"\" data-hover-bg-opacity=\"1\" data-animation=\"\" data-delay=\"0\" >\n\t\t<div class=\"vc_column-inner\" ><div class=\"column-image-bg-wrap\" data-bg-pos=\"center center\" data-bg-animation=\"none\" data-bg-overlay=\"false\"><div class=\"inner-wrap\"><div class=\"column-image-bg\" style=\" background-image: url('https:\/\/kindredglobal.org\/wp-content\/uploads\/2024\/02\/Reach-Alliance.jpg'); \"><\/div><\/div><\/div><div class=\"column-bg-overlay-wrap\" data-bg-animation=\"none\"><div class=\"column-bg-overlay\"><\/div><\/div>\n\t\t\t<div class=\"wpb_wrapper\">\n\t\t\t\t\n\t\t\t<\/div> \n\t\t<\/div>\n\t<\/div> \n<\/div><\/div>","protected":false},"excerpt":{"rendered":"Reach AllianceThe Reach Alliance is a leading global network of stakeholders from across sectors committed to advancing the Sustainable Development Agenda. Together, they are uncovering the most effective ways to...","protected":false},"author":7,"featured_media":0,"parent":0,"menu_order":0,"comment_status":"closed","ping_status":"closed","template":"","meta":{"footnotes":""},"class_list":["post-4012","page","type-page","status-publish"],"yoast_head":"<!-- This site is optimized with the Yoast SEO plugin v27.4 - https:\/\/yoast.com\/product\/yoast-seo-wordpress\/ -->\n<title>Reach Alliance - Kindred Global<\/title>\n<meta name=\"robots\" content=\"index, follow, max-snippet:-1, max-image-preview:large, max-video-preview:-1\" \/>\n<link rel=\"canonical\" href=\"https:\/\/kindredglobal.org\/es\/reach-alliance\/\" \/>\n<meta property=\"og:locale\" content=\"es_ES\" \/>\n<meta property=\"og:type\" content=\"article\" \/>\n<meta property=\"og:title\" content=\"Reach Alliance - Kindred Global\" \/>\n<meta property=\"og:url\" content=\"https:\/\/kindredglobal.org\/es\/reach-alliance\/\" \/>\n<meta property=\"og:site_name\" content=\"Kindred Global\" \/>\n<meta property=\"article:modified_time\" content=\"2025-12-04T06:48:33+00:00\" \/>\n<meta name=\"twitter:card\" content=\"summary_large_image\" \/>\n<meta name=\"twitter:label1\" content=\"Tiempo de lectura\" \/>\n\t<meta name=\"twitter:data1\" content=\"3 minutos\" \/>\n<script type=\"application\/ld+json\" class=\"yoast-schema-graph\">{\"@context\":\"https:\\\/\\\/schema.org\",\"@graph\":[{\"@type\":\"WebPage\",\"@id\":\"https:\\\/\\\/kindredglobal.org\\\/reach-alliance\\\/\",\"url\":\"https:\\\/\\\/kindredglobal.org\\\/reach-alliance\\\/\",\"name\":\"Reach Alliance - Kindred Global\",\"isPartOf\":{\"@id\":\"https:\\\/\\\/kindredglobal.org\\\/#website\"},\"datePublished\":\"2024-02-01T02:13:42+00:00\",\"dateModified\":\"2025-12-04T06:48:33+00:00\",\"breadcrumb\":{\"@id\":\"https:\\\/\\\/kindredglobal.org\\\/reach-alliance\\\/#breadcrumb\"},\"inLanguage\":\"es-CO\",\"potentialAction\":[{\"@type\":\"ReadAction\",\"target\":[\"https:\\\/\\\/kindredglobal.org\\\/reach-alliance\\\/\"]}]},{\"@type\":\"BreadcrumbList\",\"@id\":\"https:\\\/\\\/kindredglobal.org\\\/reach-alliance\\\/#breadcrumb\",\"itemListElement\":[{\"@type\":\"ListItem\",\"position\":1,\"name\":\"Home\",\"item\":\"https:\\\/\\\/kindredglobal.org\\\/\"},{\"@type\":\"ListItem\",\"position\":2,\"name\":\"Reach Alliance\"}]},{\"@type\":\"WebSite\",\"@id\":\"https:\\\/\\\/kindredglobal.org\\\/#website\",\"url\":\"https:\\\/\\\/kindredglobal.org\\\/\",\"name\":\"Kindred Global\",\"description\":\"Working together for wellbeing\",\"potentialAction\":[{\"@type\":\"SearchAction\",\"target\":{\"@type\":\"EntryPoint\",\"urlTemplate\":\"https:\\\/\\\/kindredglobal.org\\\/?s={search_term_string}\"},\"query-input\":{\"@type\":\"PropertyValueSpecification\",\"valueRequired\":true,\"valueName\":\"search_term_string\"}}],\"inLanguage\":\"es-CO\"}]}<\/script>\n<!-- \/ Yoast SEO plugin. -->","yoast_head_json":{"title":"Reach Alliance - Kindred Global","robots":{"index":"index","follow":"follow","max-snippet":"max-snippet:-1","max-image-preview":"max-image-preview:large","max-video-preview":"max-video-preview:-1"},"canonical":"https:\/\/kindredglobal.org\/es\/reach-alliance\/","og_locale":"es_ES","og_type":"article","og_title":"Reach Alliance - Kindred Global","og_url":"https:\/\/kindredglobal.org\/es\/reach-alliance\/","og_site_name":"Kindred Global","article_modified_time":"2025-12-04T06:48:33+00:00","twitter_card":"summary_large_image","twitter_misc":{"Tiempo de lectura":"3 minutos"},"schema":{"@context":"https:\/\/schema.org","@graph":[{"@type":"WebPage","@id":"https:\/\/kindredglobal.org\/reach-alliance\/","url":"https:\/\/kindredglobal.org\/reach-alliance\/","name":"Reach Alliance - Kindred Global","isPartOf":{"@id":"https:\/\/kindredglobal.org\/#website"},"datePublished":"2024-02-01T02:13:42+00:00","dateModified":"2025-12-04T06:48:33+00:00","breadcrumb":{"@id":"https:\/\/kindredglobal.org\/reach-alliance\/#breadcrumb"},"inLanguage":"es-CO","potentialAction":[{"@type":"ReadAction","target":["https:\/\/kindredglobal.org\/reach-alliance\/"]}]},{"@type":"BreadcrumbList","@id":"https:\/\/kindredglobal.org\/reach-alliance\/#breadcrumb","itemListElement":[{"@type":"ListItem","position":1,"name":"Home","item":"https:\/\/kindredglobal.org\/"},{"@type":"ListItem","position":2,"name":"Reach Alliance"}]},{"@type":"WebSite","@id":"https:\/\/kindredglobal.org\/#website","url":"https:\/\/kindredglobal.org\/","name":"Kindred Global","description":"Working together for wellbeing","potentialAction":[{"@type":"SearchAction","target":{"@type":"EntryPoint","urlTemplate":"https:\/\/kindredglobal.org\/?s={search_term_string}"},"query-input":{"@type":"PropertyValueSpecification","valueRequired":true,"valueName":"search_term_string"}}],"inLanguage":"es-CO"}]}},"_links":{"self":[{"href":"https:\/\/kindredglobal.org\/es\/wp-json\/wp\/v2\/pages\/4012","targetHints":{"allow":["GET"]}}],"collection":[{"href":"https:\/\/kindredglobal.org\/es\/wp-json\/wp\/v2\/pages"}],"about":[{"href":"https:\/\/kindredglobal.org\/es\/wp-json\/wp\/v2\/types\/page"}],"author":[{"embeddable":true,"href":"https:\/\/kindredglobal.org\/es\/wp-json\/wp\/v2\/users\/7"}],"replies":[{"embeddable":true,"href":"https:\/\/kindredglobal.org\/es\/wp-json\/wp\/v2\/comments?post=4012"}],"version-history":[{"count":14,"href":"https:\/\/kindredglobal.org\/es\/wp-json\/wp\/v2\/pages\/4012\/revisions"}],"predecessor-version":[{"id":4143,"href":"https:\/\/kindredglobal.org\/es\/wp-json\/wp\/v2\/pages\/4012\/revisions\/4143"}],"wp:attachment":[{"href":"https:\/\/kindredglobal.org\/es\/wp-json\/wp\/v2\/media?parent=4012"}],"curies":[{"name":"wp","href":"https:\/\/api.w.org\/{rel}","templated":true}]}}