{"id":4114,"date":"2025-06-18T08:31:10","date_gmt":"2025-06-18T08:31:10","guid":{"rendered":"https:\/\/kindredglobal.org\/?page_id=4114"},"modified":"2026-01-21T04:46:26","modified_gmt":"2026-01-21T04:46:26","slug":"wpa","status":"publish","type":"page","link":"https:\/\/kindredglobal.org\/es\/wpa\/","title":{"rendered":"WPA"},"content":{"rendered":"<div id=\"fws_69f3531a470d4\"  data-column-margin=\"default\" data-midnight=\"dark\"  class=\"wpb_row vc_row-fluid vc_row full-width-content  vc_row-o-equal-height vc_row-flex  vc_row-o-content-middle standard_section\"  style=\"padding-top: 0px; padding-bottom: 0px; \"><div class=\"row-bg-wrap\" data-bg-animation=\"none\" data-bg-overlay=\"false\"><div class=\"inner-wrap\"><div class=\"row-bg using-bg-color\"  style=\"background-color: #ffffff; \"><\/div><\/div><div class=\"row-bg-overlay\" ><\/div><\/div><div class=\"row_col_wrap_12 col span_12 dark left\">\n\t<div style=\"\" class=\"vc_col-sm-6 wpb_column column_container vc_column_container col padding-10-percent inherit_tablet inherit_phone\" data-using-bg=\"true\" data-t-w-inherits=\"default\" data-bg-cover=\"\" data-padding-pos=\"all\" data-has-bg-color=\"true\" data-bg-color=\"#f4f4f4\" data-bg-opacity=\"1\" data-hover-bg=\"\" data-hover-bg-opacity=\"1\" data-animation=\"\" data-delay=\"0\" >\n\t\t<div class=\"vc_column-inner\" ><div class=\"column-bg-overlay-wrap\" data-bg-animation=\"none\"><div class=\"column-bg-overlay\" style=\"opacity: 1; background-color: #f4f4f4;\"><\/div><\/div>\n\t\t\t<div class=\"wpb_wrapper\">\n\t\t\t\t<div id=\"fws_69f3531a475cd\" data-midnight=\"\" data-column-margin=\"default\" class=\"wpb_row vc_row-fluid vc_row inner_row standard_section\"  style=\"padding-top: 0px; padding-bottom: 0px; \"><div class=\"row-bg-wrap\"> <div class=\"row-bg\" ><\/div> <\/div><div class=\"row_col_wrap_12_inner col span_12  left\">\n\t<div  class=\"vc_col-sm-12 wpb_column column_container vc_column_container col child_column has-animation no-extra-padding inherit_tablet inherit_phone\"   data-t-w-inherits=\"default\" data-bg-cover=\"\" data-padding-pos=\"all\" data-has-bg-color=\"false\" data-bg-color=\"\" data-bg-opacity=\"1\" data-hover-bg=\"\" data-hover-bg-opacity=\"1\" data-animation=\"fade-in-from-bottom\" data-delay=\"0\">\n\t\t<div class=\"vc_column-inner\" ><div class=\"column-bg-overlay-wrap\" data-bg-animation=\"none\"><div class=\"column-bg-overlay\"><\/div><\/div>\n\t\t<div class=\"wpb_wrapper\">\n\t\t\t<h2 style=\"font-size: 40px;line-height: 50px;text-align: left\" class=\"vc_custom_heading\" >Transformar la atenci\u00f3n a la salud mental<\/h2><h5 style=\"color: #bfbfbf;line-height: 1.2em;text-align: left\" class=\"vc_custom_heading vc_custom_1750235386801\" >Conclusiones de la consulta de la APM sobre la aplicaci\u00f3n de alternativas a la coerci\u00f3n<\/h5><div class=\"divider-wrap\" data-alignment=\"default\"><div style=\"height: 25px;\" class=\"divider\"><\/div><\/div>\r\n<div class=\"wpb_text_column wpb_content_element\" >\r\n\t<div class=\"wpb_wrapper\">\r\n\t\t<p style=\"font-weight: 400;\">En 2024, Kindred trabaj\u00f3 en colaboraci\u00f3n con la Asociaci\u00f3n Mundial de Psiquiatr\u00eda (WPA) y Community Works para completar una consulta mundial sobre c\u00f3mo abordar la coerci\u00f3n en los entornos de atenci\u00f3n a la salud mental.<\/p>\n<p style=\"font-weight: 400;\">Se celebraron consultas en l\u00ednea paralelas con:<\/p>\n<ul>\n<li style=\"font-weight: 400;\">Sociedades miembros de la APM en nombre de los psiquiatras que representan<\/li>\n<li style=\"font-weight: 400;\">Personas con experiencia de salud mental (PLEx),<\/li>\n<li style=\"font-weight: 400;\">Familiares y cuidadores informales (FMIC) de PLEx,<\/li>\n<li style=\"font-weight: 400;\">Organizaciones representantes de PLEx y FMIC.<\/li>\n<\/ul>\n<p style=\"font-weight: 400;\">Mediante un esfuerzo de colaboraci\u00f3n, esta consulta ha suscitado conversaciones entre psiquiatras, al tiempo que ha dado prioridad a las voces de las personas con enfermedades mentales y las ha reconocido como titulares de derechos cuyas necesidades e intereses son fundamentales para la calidad de la atenci\u00f3n.<\/p>\n<p style=\"font-weight: 400;\">Las personas con experiencia de salud mental (PLEx), los familiares y los cuidadores informales (FMIC) fueron fundamentales en todas las fases de dise\u00f1o y realizaci\u00f3n de esta consulta. Guadalupe Morales (PLEx) y Martha Savage (FMIC) dirigieron el an\u00e1lisis de las respuestas a la consulta procedentes de PLEx y FMIC, con el apoyo de investigadores sociales profesionales de Kindred (dos de los cuales son tambi\u00e9n FMIC) y psiquiatras experimentados.<\/p>\n<p style=\"font-weight: 400;\">El informe de la consulta recopila los puntos de vista de todos los grupos de participantes. El informe refleja tanto las coincidencias como las diferencias en las perspectivas, al tiempo que se concentra en los puntos de convergencia entre los puntos de vista expresados por la diversa gama de participantes. De este modo, engloba una perspectiva distinta sobre la aplicaci\u00f3n de alternativas a la coerci\u00f3n en la atenci\u00f3n de salud mental y pone de manifiesto las desventajas, la discriminaci\u00f3n y otras consecuencias perjudiciales de las pr\u00e1cticas coercitivas en los entornos psiqui\u00e1tricos de todo el mundo.<\/p>\n\t<\/div>\r\n<\/div>\r\n\r\n\r\n\r\n\n\t\t<\/div> \n\t<\/div>\n\t<\/div> \n<\/div><\/div>\n\t\t\t<\/div> \n\t\t<\/div>\n\t<\/div> \n\n\t<div style=\"\" class=\"vc_col-sm-6 wpb_column column_container vc_column_container col no-extra-padding inherit_tablet inherit_phone\" data-using-bg=\"true\" data-t-w-inherits=\"default\" data-bg-cover=\"true\" data-padding-pos=\"all\" data-has-bg-color=\"false\" data-bg-color=\"\" data-bg-opacity=\"1\" data-hover-bg=\"\" data-hover-bg-opacity=\"1\" data-animation=\"\" data-delay=\"0\" >\n\t\t<div class=\"vc_column-inner\" ><div class=\"column-image-bg-wrap\" data-bg-pos=\"center center\" data-bg-animation=\"none\" data-bg-overlay=\"false\"><div class=\"inner-wrap\"><div class=\"column-image-bg\" style=\" background-image: url('https:\/\/kindredglobal.org\/wp-content\/uploads\/2025\/06\/Restraints.jpg'); \"><\/div><\/div><\/div><div class=\"column-bg-overlay-wrap\" data-bg-animation=\"none\"><div class=\"column-bg-overlay\"><\/div><\/div>\n\t\t\t<div class=\"wpb_wrapper\">\n\t\t\t\t\n\t\t\t<\/div> \n\t\t<\/div>\n\t<\/div> \n<\/div><\/div>\n\t\t<div id=\"fws_69f3531a483e5\"  data-column-margin=\"default\" data-midnight=\"dark\"  class=\"wpb_row vc_row-fluid vc_row full-width-content  vc_row-o-equal-height vc_row-flex  vc_row-o-content-middle standard_section\"  style=\"padding-top: 0px; padding-bottom: 0px; \"><div class=\"row-bg-wrap\" data-bg-animation=\"none\" data-bg-overlay=\"false\"><div class=\"inner-wrap\"><div class=\"row-bg\"  style=\"\"><\/div><\/div><div class=\"row-bg-overlay\" ><\/div><\/div><div class=\"row_col_wrap_12 col span_12 dark left\">\n\t<div style=\"\" class=\"vc_col-sm-6 wpb_column column_container vc_column_container col no-extra-padding inherit_tablet inherit_phone\" data-using-bg=\"true\" data-t-w-inherits=\"default\" data-bg-cover=\"true\" data-padding-pos=\"all\" data-has-bg-color=\"false\" data-bg-color=\"\" data-bg-opacity=\"1\" data-hover-bg=\"\" data-hover-bg-opacity=\"1\" data-animation=\"\" data-delay=\"0\" >\n\t\t<div class=\"vc_column-inner\" ><div class=\"column-image-bg-wrap\" data-bg-pos=\"center center\" data-bg-animation=\"none\" data-bg-overlay=\"false\"><div class=\"inner-wrap\"><div class=\"column-image-bg\" style=\" background-image: url('https:\/\/kindredglobal.org\/wp-content\/uploads\/2025\/06\/Consultation.jpg'); \"><\/div><\/div><\/div><div class=\"column-bg-overlay-wrap\" data-bg-animation=\"none\"><div class=\"column-bg-overlay\"><\/div><\/div>\n\t\t\t<div class=\"wpb_wrapper\">\n\t\t\t\t\n\t\t\t<\/div> \n\t\t<\/div>\n\t<\/div> \n\n\t<div style=\"\" class=\"vc_col-sm-6 wpb_column column_container vc_column_container col padding-10-percent inherit_tablet inherit_phone\" data-using-bg=\"true\" data-t-w-inherits=\"default\" data-bg-cover=\"\" data-padding-pos=\"all\" data-has-bg-color=\"true\" data-bg-color=\"#ffffff\" data-bg-opacity=\"1\" data-hover-bg=\"\" data-hover-bg-opacity=\"1\" data-animation=\"\" data-delay=\"0\" >\n\t\t<div class=\"vc_column-inner\" ><div class=\"column-bg-overlay-wrap\" data-bg-animation=\"none\"><div class=\"column-bg-overlay\" style=\"opacity: 1; background-color: #ffffff;\"><\/div><\/div>\n\t\t\t<div class=\"wpb_wrapper\">\n\t\t\t\t<div id=\"fws_69f3531a489fc\" data-midnight=\"\" data-column-margin=\"default\" class=\"wpb_row vc_row-fluid vc_row inner_row standard_section\"  style=\"padding-top: 0px; padding-bottom: 0px; \"><div class=\"row-bg-wrap\"> <div class=\"row-bg\" ><\/div> <\/div><div class=\"row_col_wrap_12_inner col span_12  left\">\n\t<div  class=\"vc_col-sm-12 wpb_column column_container vc_column_container col child_column has-animation no-extra-padding inherit_tablet inherit_phone\"   data-t-w-inherits=\"default\" data-bg-cover=\"\" data-padding-pos=\"all\" data-has-bg-color=\"false\" data-bg-color=\"\" data-bg-opacity=\"1\" data-hover-bg=\"\" data-hover-bg-opacity=\"1\" data-animation=\"fade-in-from-bottom\" data-delay=\"0\">\n\t\t<div class=\"vc_column-inner\" ><div class=\"column-bg-overlay-wrap\" data-bg-animation=\"none\"><div class=\"column-bg-overlay\"><\/div><\/div>\n\t\t<div class=\"wpb_wrapper\">\n\t\t\t\r\n<div class=\"wpb_text_column wpb_content_element\" >\r\n\t<div class=\"wpb_wrapper\">\r\n\t\t<p style=\"font-weight: 400;\">Las principales recomendaciones derivadas de esta consulta son:<\/p>\n<p style=\"font-weight: 400;\"><strong>Fomentar la comunicaci\u00f3n basada en los derechos y la atenci\u00f3n compasiva <\/strong><\/p>\n<p style=\"font-weight: 400;\">La comunicaci\u00f3n respetuosa y transparente con las personas y sus familias es esencial para una asistencia de salud mental de calidad, junto con la necesidad m\u00e1s general de tratar a las personas con dignidad y compasi\u00f3n. La atenci\u00f3n emp\u00e1tica es un factor cr\u00edtico para motivar a las personas a buscar ayuda voluntariamente y a comprometerse de buen grado con el tratamiento y la atenci\u00f3n. El consentimiento informado en todos los aspectos de la atenci\u00f3n es una forma importante de garantizar que el respeto de la autonom\u00eda y los derechos siga siendo fundamental en los sistemas de salud mental. Una forma de lograrlo es establecer una s\u00f3lida colaboraci\u00f3n entre psiquiatras, personas con experiencia de vida y cuidadores familiares e informales. La legislaci\u00f3n nacional, las pol\u00edticas de los proveedores de servicios y la desestigmatizaci\u00f3n de las enfermedades mentales en los medios de comunicaci\u00f3n tambi\u00e9n son v\u00edas importantes para el cambio.<\/p>\n<p style=\"font-weight: 400;\"><strong>Mejorar la formaci\u00f3n y la educaci\u00f3n <\/strong><\/p>\n<p style=\"font-weight: 400;\">La mejora de la formaci\u00f3n de psiquiatras y profesionales de la salud mental es vital para aplicar alternativas a la coacci\u00f3n. Todos los grupos de consulta pidieron una mejor formaci\u00f3n sobre el trato respetuoso, la atenci\u00f3n basada en el trauma, ejemplos de alternativas a la coerci\u00f3n que hayan tenido \u00e9xito y un intercambio de informaci\u00f3n m\u00e1s exhaustivo con las personas con experiencia de salud mental y sus familias. Se identificaron como necesidades clave el apoyo familiar, el autocuidado, la comunicaci\u00f3n efectiva y una mayor concienciaci\u00f3n sobre los riesgos sustanciales de la coacci\u00f3n. Los testimonios de personas con experiencias vividas y de familiares demostraron que estos riesgos incluyen traumatizaci\u00f3n, erosi\u00f3n de la confianza en los profesionales sanitarios, evitaci\u00f3n del tratamiento, lesiones f\u00edsicas duraderas y muerte.<\/p>\n<p style=\"font-weight: 400;\"><strong>Revisar los protocolos para garantizar que no se recurre a la coerci\u00f3n por defecto. <\/strong><\/p>\n<p style=\"font-weight: 400;\">Los protocolos existentes en materia de salud mental necesitan una revisi\u00f3n exhaustiva, haciendo hincapi\u00e9 en el abandono de la coerci\u00f3n como enfoque por defecto. Dar prioridad al tratamiento voluntario frente a la coerci\u00f3n es un objetivo com\u00fan a todos los grupos de partes interesadas consultados.<\/p>\n<p style=\"font-weight: 400;\"><strong>Fomentar la colaboraci\u00f3n y el apoyo entre iguales <\/strong><\/p>\n<p style=\"font-weight: 400;\">Los participantes en la consulta abogaron por programas de apoyo entre iguales y por la colaboraci\u00f3n entre psiquiatras, profesionales de la comunidad y familias. Destacaron el valor de las diversas perspectivas a la hora de dise\u00f1ar, aplicar y evaluar el tratamiento y los cuidados. La importancia de escuchar a las personas con experiencias vividas y de implicar a trabajadores de apoyo entre iguales para reforzar las redes de apoyo es fundamental, implicando a la familia y a los cuidadores cuando as\u00ed lo desee la persona con la que se est\u00e1 tratando.<\/p>\n<p style=\"font-weight: 400;\"><strong>Promover la prestaci\u00f3n de una atenci\u00f3n que tenga en cuenta los traumatismos <\/strong><\/p>\n<p style=\"font-weight: 400;\">Personas y organizaciones de todos los grupos de consulta reclaman que se aborden los traumas y se evite su retraumatizaci\u00f3n durante el tratamiento de salud mental.<\/p>\n<p style=\"font-weight: 400;\"><strong>Diversificar la comprensi\u00f3n del tratamiento y la atenci\u00f3n de salud mental <\/strong><\/p>\n<p style=\"font-weight: 400;\">Las personas y organizaciones de todos los grupos de consulta reconocieron la existencia de diversas perspectivas y visiones del mundo sobre las causas y el tratamiento de las enfermedades mentales. Los encuestados mostraron inter\u00e9s por complejificar la prestaci\u00f3n de tratamientos y cuidados m\u00e1s all\u00e1 de los modelos m\u00e9dicos convencionales y la excesiva dependencia de los f\u00e1rmacos y la hospitalizaci\u00f3n. Esto indica la importancia de ampliar la investigaci\u00f3n para comprender mejor lo que funciona cuando se trata de ofrecer tratamiento y atenci\u00f3n de alta calidad sin coerci\u00f3n en una variedad de entornos y situaciones diferentes.<\/p>\n\t<\/div>\r\n<\/div>\r\n\r\n\r\n\r\n<a class=\"nectar-button small regular accent-color  regular-button\"  style=\"\" target=\"_blank\" href=\"https:\/\/kindredglobal.org\/wp-content\/uploads\/2026\/01\/WEB_Alternatives-to-Coercion-Report-5.pdf\" data-color-override=\"false\" data-hover-color-override=\"false\" data-hover-text-color-override=\"#fff\"><span>Leer el informe<\/span><\/a>\n\t\t<\/div> \n\t<\/div>\n\t<\/div> \n<\/div><\/div>\n\t\t\t<\/div> \n\t\t<\/div>\n\t<\/div> \n<\/div><\/div>","protected":false},"excerpt":{"rendered":"Transforming Mental Health CareInsights from the WPA Consultation on Implementing Alternatives to Coercion In 2024, Kindred worked in collaboration with the World Psychiatric Association (WPA) and Community Works to complete...","protected":false},"author":7,"featured_media":4118,"parent":0,"menu_order":0,"comment_status":"closed","ping_status":"closed","template":"","meta":{"footnotes":""},"class_list":["post-4114","page","type-page","status-publish","has-post-thumbnail"],"yoast_head":"<!-- This site is optimized with the Yoast SEO plugin v27.4 - https:\/\/yoast.com\/product\/yoast-seo-wordpress\/ -->\n<title>WPA - Kindred Global<\/title>\n<meta name=\"robots\" content=\"index, follow, max-snippet:-1, max-image-preview:large, max-video-preview:-1\" \/>\n<link rel=\"canonical\" href=\"https:\/\/kindredglobal.org\/es\/wpa\/\" \/>\n<meta property=\"og:locale\" content=\"es_ES\" \/>\n<meta property=\"og:type\" content=\"article\" \/>\n<meta property=\"og:title\" content=\"WPA - Kindred Global\" \/>\n<meta property=\"og:url\" content=\"https:\/\/kindredglobal.org\/es\/wpa\/\" \/>\n<meta property=\"og:site_name\" content=\"Kindred Global\" \/>\n<meta property=\"article:modified_time\" content=\"2026-01-21T04:46:26+00:00\" \/>\n<meta property=\"og:image\" content=\"https:\/\/kindredglobal.org\/wp-content\/uploads\/2025\/06\/Restraints.jpg\" \/>\n\t<meta property=\"og:image:width\" content=\"1500\" \/>\n\t<meta property=\"og:image:height\" content=\"1000\" \/>\n\t<meta property=\"og:image:type\" content=\"image\/jpeg\" \/>\n<meta name=\"twitter:card\" content=\"summary_large_image\" \/>\n<meta name=\"twitter:label1\" content=\"Tiempo de lectura\" \/>\n\t<meta name=\"twitter:data1\" content=\"2 minutos\" \/>\n<script type=\"application\/ld+json\" class=\"yoast-schema-graph\">{\"@context\":\"https:\\\/\\\/schema.org\",\"@graph\":[{\"@type\":\"WebPage\",\"@id\":\"https:\\\/\\\/kindredglobal.org\\\/wpa\\\/\",\"url\":\"https:\\\/\\\/kindredglobal.org\\\/wpa\\\/\",\"name\":\"WPA - Kindred Global\",\"isPartOf\":{\"@id\":\"https:\\\/\\\/kindredglobal.org\\\/#website\"},\"primaryImageOfPage\":{\"@id\":\"https:\\\/\\\/kindredglobal.org\\\/wpa\\\/#primaryimage\"},\"image\":{\"@id\":\"https:\\\/\\\/kindredglobal.org\\\/wpa\\\/#primaryimage\"},\"thumbnailUrl\":\"https:\\\/\\\/kindredglobal.org\\\/wp-content\\\/uploads\\\/2025\\\/06\\\/Restraints.jpg\",\"datePublished\":\"2025-06-18T08:31:10+00:00\",\"dateModified\":\"2026-01-21T04:46:26+00:00\",\"breadcrumb\":{\"@id\":\"https:\\\/\\\/kindredglobal.org\\\/wpa\\\/#breadcrumb\"},\"inLanguage\":\"es-CO\",\"potentialAction\":[{\"@type\":\"ReadAction\",\"target\":[\"https:\\\/\\\/kindredglobal.org\\\/wpa\\\/\"]}]},{\"@type\":\"ImageObject\",\"inLanguage\":\"es-CO\",\"@id\":\"https:\\\/\\\/kindredglobal.org\\\/wpa\\\/#primaryimage\",\"url\":\"https:\\\/\\\/kindredglobal.org\\\/wp-content\\\/uploads\\\/2025\\\/06\\\/Restraints.jpg\",\"contentUrl\":\"https:\\\/\\\/kindredglobal.org\\\/wp-content\\\/uploads\\\/2025\\\/06\\\/Restraints.jpg\",\"width\":1500,\"height\":1000},{\"@type\":\"BreadcrumbList\",\"@id\":\"https:\\\/\\\/kindredglobal.org\\\/wpa\\\/#breadcrumb\",\"itemListElement\":[{\"@type\":\"ListItem\",\"position\":1,\"name\":\"Home\",\"item\":\"https:\\\/\\\/kindredglobal.org\\\/\"},{\"@type\":\"ListItem\",\"position\":2,\"name\":\"WPA\"}]},{\"@type\":\"WebSite\",\"@id\":\"https:\\\/\\\/kindredglobal.org\\\/#website\",\"url\":\"https:\\\/\\\/kindredglobal.org\\\/\",\"name\":\"Kindred Global\",\"description\":\"Working together for wellbeing\",\"potentialAction\":[{\"@type\":\"SearchAction\",\"target\":{\"@type\":\"EntryPoint\",\"urlTemplate\":\"https:\\\/\\\/kindredglobal.org\\\/?s={search_term_string}\"},\"query-input\":{\"@type\":\"PropertyValueSpecification\",\"valueRequired\":true,\"valueName\":\"search_term_string\"}}],\"inLanguage\":\"es-CO\"}]}<\/script>\n<!-- \/ Yoast SEO plugin. -->","yoast_head_json":{"title":"WPA - Kindred Global","robots":{"index":"index","follow":"follow","max-snippet":"max-snippet:-1","max-image-preview":"max-image-preview:large","max-video-preview":"max-video-preview:-1"},"canonical":"https:\/\/kindredglobal.org\/es\/wpa\/","og_locale":"es_ES","og_type":"article","og_title":"WPA - Kindred Global","og_url":"https:\/\/kindredglobal.org\/es\/wpa\/","og_site_name":"Kindred Global","article_modified_time":"2026-01-21T04:46:26+00:00","og_image":[{"width":1500,"height":1000,"url":"https:\/\/kindredglobal.org\/wp-content\/uploads\/2025\/06\/Restraints.jpg","type":"image\/jpeg"}],"twitter_card":"summary_large_image","twitter_misc":{"Tiempo de lectura":"2 minutos"},"schema":{"@context":"https:\/\/schema.org","@graph":[{"@type":"WebPage","@id":"https:\/\/kindredglobal.org\/wpa\/","url":"https:\/\/kindredglobal.org\/wpa\/","name":"WPA - Kindred Global","isPartOf":{"@id":"https:\/\/kindredglobal.org\/#website"},"primaryImageOfPage":{"@id":"https:\/\/kindredglobal.org\/wpa\/#primaryimage"},"image":{"@id":"https:\/\/kindredglobal.org\/wpa\/#primaryimage"},"thumbnailUrl":"https:\/\/kindredglobal.org\/wp-content\/uploads\/2025\/06\/Restraints.jpg","datePublished":"2025-06-18T08:31:10+00:00","dateModified":"2026-01-21T04:46:26+00:00","breadcrumb":{"@id":"https:\/\/kindredglobal.org\/wpa\/#breadcrumb"},"inLanguage":"es-CO","potentialAction":[{"@type":"ReadAction","target":["https:\/\/kindredglobal.org\/wpa\/"]}]},{"@type":"ImageObject","inLanguage":"es-CO","@id":"https:\/\/kindredglobal.org\/wpa\/#primaryimage","url":"https:\/\/kindredglobal.org\/wp-content\/uploads\/2025\/06\/Restraints.jpg","contentUrl":"https:\/\/kindredglobal.org\/wp-content\/uploads\/2025\/06\/Restraints.jpg","width":1500,"height":1000},{"@type":"BreadcrumbList","@id":"https:\/\/kindredglobal.org\/wpa\/#breadcrumb","itemListElement":[{"@type":"ListItem","position":1,"name":"Home","item":"https:\/\/kindredglobal.org\/"},{"@type":"ListItem","position":2,"name":"WPA"}]},{"@type":"WebSite","@id":"https:\/\/kindredglobal.org\/#website","url":"https:\/\/kindredglobal.org\/","name":"Kindred Global","description":"Working together for wellbeing","potentialAction":[{"@type":"SearchAction","target":{"@type":"EntryPoint","urlTemplate":"https:\/\/kindredglobal.org\/?s={search_term_string}"},"query-input":{"@type":"PropertyValueSpecification","valueRequired":true,"valueName":"search_term_string"}}],"inLanguage":"es-CO"}]}},"_links":{"self":[{"href":"https:\/\/kindredglobal.org\/es\/wp-json\/wp\/v2\/pages\/4114","targetHints":{"allow":["GET"]}}],"collection":[{"href":"https:\/\/kindredglobal.org\/es\/wp-json\/wp\/v2\/pages"}],"about":[{"href":"https:\/\/kindredglobal.org\/es\/wp-json\/wp\/v2\/types\/page"}],"author":[{"embeddable":true,"href":"https:\/\/kindredglobal.org\/es\/wp-json\/wp\/v2\/users\/7"}],"replies":[{"embeddable":true,"href":"https:\/\/kindredglobal.org\/es\/wp-json\/wp\/v2\/comments?post=4114"}],"version-history":[{"count":4,"href":"https:\/\/kindredglobal.org\/es\/wp-json\/wp\/v2\/pages\/4114\/revisions"}],"predecessor-version":[{"id":4169,"href":"https:\/\/kindredglobal.org\/es\/wp-json\/wp\/v2\/pages\/4114\/revisions\/4169"}],"wp:featuredmedia":[{"embeddable":true,"href":"https:\/\/kindredglobal.org\/es\/wp-json\/wp\/v2\/media\/4118"}],"wp:attachment":[{"href":"https:\/\/kindredglobal.org\/es\/wp-json\/wp\/v2\/media?parent=4114"}],"curies":[{"name":"wp","href":"https:\/\/api.w.org\/{rel}","templated":true}]}}